{"id":100,"date":"2024-05-06T12:10:15","date_gmt":"2024-05-06T12:10:15","guid":{"rendered":"https:\/\/emuder.com\/?page_id=100"},"modified":"2024-05-06T12:10:15","modified_gmt":"2024-05-06T12:10:15","slug":"dr-zeynep-eren","status":"publish","type":"page","link":"https:\/\/emuder.com\/en\/dr-zeynep-eren\/","title":{"rendered":"Dr. Zeynep EREN"},"content":{"rendered":"<div class=\"section-wrapper\" data-id=\"Egpgxw\"><section class=\"wp-block-gutenverse-section guten-element guten-section guten-Egpgxw layout-boxed align-stretch\"><div class=\"guten-background-overlay\"><\/div><div class=\"guten-shape-divider guten-shape-divider-top\"><\/div><div class=\"guten-shape-divider guten-shape-divider-bottom\"><\/div><div class=\"guten-container guten-column-gap-default\">\n<div class=\"wp-block-gutenverse-column guten-element guten-column guten-1kIvXX\"><div class=\"guten-background-overlay\"><\/div><div class=\"sticky-wrapper\" data-id=\"1kIvXX\"><div class=\"guten-column-wrapper\">\n<div class=\"wp-block-gutenverse-image guten-element guten-image guten-HDgFum animated guten-element-hide desktop-fadeInLeft\"><a class=\"guten-image-wrapper\"><img loading=\"lazy\" decoding=\"async\" class=\"gutenverse-image-box-filled\" src=\"https:\/\/emuder.com\/wp-content\/themes\/accountra\/assets\/img\/american-beard-business-business-people-businessman-caucasian-1454767-pxhere.com.webp\" height=\"1920\" width=\"1449\"\/><\/a><\/div>\n<\/div><\/div><\/div>\n\n\n\n<div class=\"wp-block-gutenverse-column guten-element guten-column guten-ulD758 hide-mobile\"><div class=\"guten-background-overlay\"><\/div><div class=\"sticky-wrapper\" data-id=\"ulD758\"><div class=\"guten-column-wrapper\">\n<div class=\"guten-element gutenverse-text-editor guten-xRCYmM animated guten-element-hide desktop-fadeInLeft\"><div class=\"text-content-inner\">\n<p>Dr. EREN, 1992 y\u0131l\u0131nda Ankara \u00dcniversitesi E\u011fitim Bilimleri Fak\u00fcltesi, E\u011fitim Y\u00f6netimi ve Planlamas\u0131 lisans program\u0131n\u0131, 1997 y\u0131l\u0131nda Ankara \u00dcniversitesi, E\u011fitim Y\u00f6netimi ve Tefti\u015fi y\u00fcksek lisans program\u0131n\u0131 ve 2008-2013 y\u0131llar\u0131 aras\u0131nda Ankara \u00dcniversitesi E\u011fitim Bilimleri Enstit\u00fcs\u00fc, E\u011fitim Y\u00f6netimi ve Politikas\u0131 B\u00f6l\u00fcm\u00fc, E\u011fitim Y\u00f6netimi ve Tefti\u015fi doktora program\u0131n\u0131 tamamlam\u0131\u015ft\u0131r. Dr. EREN, Milli E\u011fitim Bakanl\u0131\u011f\u0131na ba\u011fl\u0131 \u00e7e\u015fitli okullarda 1994-2008 y\u0131llar\u0131 aras\u0131nda \u00f6\u011fretmen ve y\u00f6netici olarak g\u00f6rev yapm\u0131\u015ft\u0131r. 2008 y\u0131l\u0131nda 1 y\u0131l s\u00fcreyle ABD\u2019de (Knoxwille, TN) bulunmu\u015ftur. 2009 y\u0131l\u0131nda doktora \u00f6\u011frencili\u011fi d\u00f6neminde MEB\u2019den ayr\u0131larak \u00d6\u011fretim G\u00f6revlisi olarak Sinop \u00dcniversitesi\u2019nde g\u00f6reve ba\u015flam\u0131\u015f, 2016 y\u0131l\u0131nda \u00f6nce Yrd. Do\u00e7. Dr. ve 2019 y\u0131l\u0131nda Do\u00e7. Dr. olarak atanm\u0131\u015ft\u0131r. Y\u00fcksek\u00f6\u011fretim kalite geli\u015ftirme faaliyetlerinde \u00fcniversitenin kalite komisyonlar\u0131nda aktif \u00e7al\u0131\u015fan ve TSE onayl\u0131 kalite e\u011fitim sertifikalar\u0131na sahip olan Dr. EREN, kurumda kalite i\u00e7 tetkik\u00e7i, kalite komisyon \u00fcyeli\u011fi, ara\u015ft\u0131rma politikalar\u0131 komisyonu \u00fcyeli\u011fi gibi g\u00f6revlerinin yan\u0131 s\u0131ra \u00fcniversite personeline ve \u00e7e\u015fitli kamu kurumlar\u0131na uzmanl\u0131k alan\u0131nda hizmet i\u00e7i e\u011fitim faaliyetleri de d\u00fczenlemektedir. Dr. EREN, lisans d\u00fczeyinde E\u011fitim Bilimine Giri\u015f, S\u0131n\u0131f Y\u00f6netimi, T\u00fcrk E\u011fitim Sistemi ve Okul Y\u00f6netimi, E\u011fitim Hukuku, E\u011fitimde Ahlak ve Etik, \u00c7ocuk Haklar\u0131, E\u011fitimde Liderlik ve Duygusal Zek\u00e2, E\u011fitimde Ara\u015ft\u0131rma Y\u00f6ntemleri, Ara\u015ft\u0131rma Projesi; y\u00fcksek lisans d\u00fczeyinde de Y\u00f6netim Felsefesi, E\u011fitim Y\u00f6netimi, \u00c7ocuk Haklar\u0131, Bilimsel Ara\u015ft\u0131rma Y\u00f6ntemleri gibi dersleri vermektedir.<\/p>\n<\/div><\/div>\n<\/div><\/div><\/div>\n<\/div><\/section><\/div>","protected":false},"excerpt":{"rendered":"","protected":false},"author":1,"featured_media":0,"parent":0,"menu_order":0,"comment_status":"closed","ping_status":"closed","template":"","meta":{"footnotes":""},"class_list":["post-100","page","type-page","status-publish","hentry"],"_links":{"self":[{"href":"https:\/\/emuder.com\/en\/wp-json\/wp\/v2\/pages\/100","targetHints":{"allow":["GET"]}}],"collection":[{"href":"https:\/\/emuder.com\/en\/wp-json\/wp\/v2\/pages"}],"about":[{"href":"https:\/\/emuder.com\/en\/wp-json\/wp\/v2\/types\/page"}],"author":[{"embeddable":true,"href":"https:\/\/emuder.com\/en\/wp-json\/wp\/v2\/users\/1"}],"replies":[{"embeddable":true,"href":"https:\/\/emuder.com\/en\/wp-json\/wp\/v2\/comments?post=100"}],"version-history":[{"count":1,"href":"https:\/\/emuder.com\/en\/wp-json\/wp\/v2\/pages\/100\/revisions"}],"predecessor-version":[{"id":103,"href":"https:\/\/emuder.com\/en\/wp-json\/wp\/v2\/pages\/100\/revisions\/103"}],"wp:attachment":[{"href":"https:\/\/emuder.com\/en\/wp-json\/wp\/v2\/media?parent=100"}],"curies":[{"name":"wp","href":"https:\/\/api.w.org\/{rel}","templated":true}]}}