{"id":114,"date":"2024-05-06T13:49:18","date_gmt":"2024-05-06T13:49:18","guid":{"rendered":"https:\/\/emuder.com\/?page_id=114"},"modified":"2024-05-07T01:04:30","modified_gmt":"2024-05-07T01:04:30","slug":"ege-bolgesi-temsilcileri","status":"publish","type":"page","link":"https:\/\/emuder.com\/en\/ege-bolgesi-temsilcileri\/","title":{"rendered":"Ege B\u00f6lgesi Temsilcileri"},"content":{"rendered":"<div class=\"section-wrapper\" data-id=\"jE5fRc\"><section class=\"wp-block-gutenverse-section guten-element guten-section guten-jE5fRc layout-boxed align-stretch\"><div class=\"guten-background-overlay\"><\/div><div class=\"guten-shape-divider guten-shape-divider-top\"><\/div><div class=\"guten-shape-divider guten-shape-divider-bottom\"><\/div><div class=\"guten-container guten-column-gap-no\">\n<div class=\"wp-block-gutenverse-column guten-element guten-column guten-LHoN8d\"><div class=\"guten-background-overlay\"><\/div><div class=\"sticky-wrapper\" data-id=\"LHoN8d\"><div class=\"guten-column-wrapper\">\n<div class=\"section-wrapper\" data-id=\"GzwQUE\"><section class=\"wp-block-gutenverse-section guten-element guten-section guten-GzwQUE layout-boxed align-stretch\"><div class=\"guten-background-overlay\"><\/div><div class=\"guten-shape-divider guten-shape-divider-top\"><\/div><div class=\"guten-shape-divider guten-shape-divider-bottom\"><\/div><div class=\"guten-container guten-column-gap-wider\">\n<div class=\"wp-block-gutenverse-column guten-element guten-column guten-3yLApx\"><div class=\"guten-background-overlay\"><\/div><div class=\"sticky-wrapper\" data-id=\"3yLApx\"><div class=\"guten-column-wrapper\">\n<div class=\"wp-block-gutenverse-team guten-element guten-team guten-ToRdzV animated guten-element-hide desktop-fadeInUp\"><div class=\"profile-box\"><div class=\"profile-card card-overlay default\"><img decoding=\"async\" src=\"https:\/\/emuder.com\/wp-content\/plugins\/gutenverse\/assets\/img\/img-placeholder.jpg\" alt=\"\"\/><div class=\"profile-body bottom\"><h3 class=\"profile-title\"><\/h3><p class=\"profile-sub\"><\/p><div class=\"socials-wrapper\">\n<div class=\"guten-element guten-social-icons guten-FMoiLJ circle horizontal custom\">\n<div class=\"guten-element guten-social-icon guten-WEc3ZU facebook\"><a id=\"guten-WEc3ZU\" href=\"#\"><i class=\"gtn gtn-facebook-light\"><\/i><span><\/span><\/a><\/div>\n\n\n\n<div class=\"guten-element guten-social-icon guten-ZBNlMM twitter\"><a id=\"guten-ZBNlMM\" href=\"#\"><i class=\"fab fa-twitter\"><\/i><span><\/span><\/a><\/div>\n\n\n\n<div class=\"guten-element guten-social-icon guten-xQyKc3 instagram\"><a id=\"guten-xQyKc3\" href=\"#\"><i class=\"gtn gtn-instagram-1-light\"><\/i><span><\/span><\/a><\/div>\n<\/div>\n<\/div><\/div><\/div><\/div><\/div>\n\n\n\n<div class=\"section-wrapper\" data-id=\"s8HqOx\"><section class=\"wp-block-gutenverse-section guten-element guten-section guten-s8HqOx animated guten-element-hide desktop-fadeInUp layout-boxed align-stretch\"><div class=\"guten-background-overlay\"><\/div><div class=\"guten-shape-divider guten-shape-divider-top\"><\/div><div class=\"guten-shape-divider guten-shape-divider-bottom\"><\/div><div class=\"guten-container guten-column-gap-no\">\n<div class=\"wp-block-gutenverse-column guten-element guten-column guten-dmpIi8\"><div class=\"guten-background-overlay\"><\/div><div class=\"sticky-wrapper\" data-id=\"dmpIi8\"><div class=\"guten-column-wrapper\">\n<div class=\"guten-element gutenverse-text-editor guten-b6tp7g\"><div class=\"text-content-inner\">\n<p>Dr. Bilgen KIRAL<\/p>\n<\/div><\/div>\n<\/div><\/div><\/div>\n<\/div><\/section><\/div>\n<\/div><\/div><\/div>\n\n\n\n<div class=\"wp-block-gutenverse-column guten-element guten-column guten-TddqUl\"><div class=\"guten-background-overlay\"><\/div><div class=\"sticky-wrapper\" data-id=\"TddqUl\"><div class=\"guten-column-wrapper\">\n<div class=\"wp-block-gutenverse-team guten-element guten-team guten-TcGM19 animated guten-element-hide desktop-fadeIn\"><div class=\"profile-box\"><div class=\"profile-card card-overlay default\"><img decoding=\"async\" src=\"https:\/\/emuder.com\/wp-content\/plugins\/gutenverse\/assets\/img\/img-placeholder.jpg\" alt=\"\"\/><div class=\"profile-body bottom\"><h3 class=\"profile-title\"><\/h3><p class=\"profile-sub\"><\/p><div class=\"socials-wrapper\">\n<div class=\"guten-element guten-social-icons guten-DgKbK6 circle horizontal custom\">\n<div class=\"guten-element guten-social-icon guten-6EcT5g facebook\"><a id=\"guten-6EcT5g\" href=\"#\"><i class=\"gtn gtn-facebook-light\"><\/i><span><\/span><\/a><\/div>\n\n\n\n<div class=\"guten-element guten-social-icon guten-hRy1dk twitter\"><a id=\"guten-hRy1dk\" href=\"#\"><i class=\"fab fa-twitter\"><\/i><span><\/span><\/a><\/div>\n\n\n\n<div class=\"guten-element guten-social-icon guten-zDajDh instagram\"><a id=\"guten-zDajDh\" href=\"#\"><i class=\"gtn gtn-instagram-1-light\"><\/i><span><\/span><\/a><\/div>\n<\/div>\n<\/div><\/div><\/div><\/div><\/div>\n\n\n\n<div class=\"section-wrapper\" data-id=\"3tmMZS\"><section class=\"wp-block-gutenverse-section guten-element guten-section guten-3tmMZS animated guten-element-hide desktop-fadeInUp layout-boxed align-stretch\"><div class=\"guten-background-overlay\"><\/div><div class=\"guten-shape-divider guten-shape-divider-top\"><\/div><div class=\"guten-shape-divider guten-shape-divider-bottom\"><\/div><div class=\"guten-container guten-column-gap-no\">\n<div class=\"wp-block-gutenverse-column guten-element guten-column guten-DLWLl5\"><div class=\"guten-background-overlay\"><\/div><div class=\"sticky-wrapper\" data-id=\"DLWLl5\"><div class=\"guten-column-wrapper\">\n<div class=\"guten-element gutenverse-text-editor guten-7WFwhH\"><div class=\"text-content-inner\">\n<p>\u00d6\u011fr. Kadriye \u00c7ET\u0130N<\/p>\n<\/div><\/div>\n<\/div><\/div><\/div>\n<\/div><\/section><\/div>\n<\/div><\/div><\/div>\n\n\n\n<div class=\"wp-block-gutenverse-column guten-element guten-column guten-2r5oGi\"><div class=\"guten-background-overlay\"><\/div><div class=\"sticky-wrapper\" data-id=\"2r5oGi\"><div class=\"guten-column-wrapper\"><\/div><\/div><\/div>\n<\/div><\/section><\/div>\n<\/div><\/div><\/div>\n<\/div><\/section><\/div>","protected":false},"excerpt":{"rendered":"","protected":false},"author":1,"featured_media":0,"parent":0,"menu_order":0,"comment_status":"closed","ping_status":"closed","template":"","meta":{"footnotes":""},"class_list":["post-114","page","type-page","status-publish","hentry"],"_links":{"self":[{"href":"https:\/\/emuder.com\/en\/wp-json\/wp\/v2\/pages\/114","targetHints":{"allow":["GET"]}}],"collection":[{"href":"https:\/\/emuder.com\/en\/wp-json\/wp\/v2\/pages"}],"about":[{"href":"https:\/\/emuder.com\/en\/wp-json\/wp\/v2\/types\/page"}],"author":[{"embeddable":true,"href":"https:\/\/emuder.com\/en\/wp-json\/wp\/v2\/users\/1"}],"replies":[{"embeddable":true,"href":"https:\/\/emuder.com\/en\/wp-json\/wp\/v2\/comments?post=114"}],"version-history":[{"count":3,"href":"https:\/\/emuder.com\/en\/wp-json\/wp\/v2\/pages\/114\/revisions"}],"predecessor-version":[{"id":495,"href":"https:\/\/emuder.com\/en\/wp-json\/wp\/v2\/pages\/114\/revisions\/495"}],"wp:attachment":[{"href":"https:\/\/emuder.com\/en\/wp-json\/wp\/v2\/media?parent=114"}],"curies":[{"name":"wp","href":"https:\/\/api.w.org\/{rel}","templated":true}]}}