{"id":155,"date":"2024-05-06T14:40:38","date_gmt":"2024-05-06T14:40:38","guid":{"rendered":"https:\/\/emuder.com\/?page_id=155"},"modified":"2025-01-25T15:48:05","modified_gmt":"2025-01-25T15:48:05","slug":"blm-uzm-duygu-konay","status":"publish","type":"page","link":"https:\/\/emuder.com\/en\/blm-uzm-duygu-konay\/","title":{"rendered":"Dr. Duygu KONAY"},"content":{"rendered":"<div class=\"section-wrapper\" data-id=\"Egpgxw\"><section class=\"wp-block-gutenverse-section guten-element guten-section guten-Egpgxw layout-boxed align-stretch\"><div class=\"guten-background-overlay\"><\/div><div class=\"guten-shape-divider guten-shape-divider-top\"><\/div><div class=\"guten-shape-divider guten-shape-divider-bottom\"><\/div><div class=\"guten-container guten-column-gap-default\">\n<div class=\"wp-block-gutenverse-column guten-element guten-column guten-1kIvXX\"><div class=\"guten-background-overlay\"><\/div><div class=\"sticky-wrapper\" data-id=\"1kIvXX\"><div class=\"guten-column-wrapper\">\n<div class=\"wp-block-gutenverse-image guten-element guten-image guten-HDgFum animated guten-element-hide desktop-fadeInLeft\"><a class=\"guten-image-wrapper\"><img loading=\"lazy\" decoding=\"async\" class=\"gutenverse-image-box-filled\" src=\"https:\/\/emuder.com\/wp-content\/themes\/accountra\/assets\/img\/american-beard-business-business-people-businessman-caucasian-1454767-pxhere.com.webp\" height=\"1920\" width=\"1449\"\/><\/a><\/div>\n<\/div><\/div><\/div>\n\n\n\n<div class=\"wp-block-gutenverse-column guten-element guten-column guten-ulD758 hide-mobile\"><div class=\"guten-background-overlay\"><\/div><div class=\"sticky-wrapper\" data-id=\"ulD758\"><div class=\"guten-column-wrapper\">\n<div class=\"guten-element gutenverse-text-editor guten-xRCYmM animated guten-element-hide desktop-fadeInLeft\"><div class=\"text-content-inner\">\n<p>Resim Ayd\u0131nl\u0131 olan Dr. Duygu KONAY, 2008 y\u0131l\u0131nda Anadolu \u00dcniversitesi \u0130ngilizce \u00d6\u011fretmenli\u011fi lisans program\u0131n\u0131, 2019 y\u0131l\u0131nda \u201cOrta\u00f6\u011fretim \u00d6\u011fretmenlerinin G\u00f6r\u00fc\u015flerine G\u00f6re Dalkavukluk ve politik Beceri Aras\u0131ndaki \u0130li\u015fki\u201d ba\u015fl\u0131kl\u0131 tezini vererek Adnan Menderes \u00dcniversitesi E\u011fitim Y\u00f6netimi ve Denetimi y\u00fcksek lisans program\u0131n\u0131 tamamlam\u0131\u015ft\u0131r. 2008-2016 y\u0131llar\u0131 aras\u0131nda \u00f6zel kurumlar ve dil okullar\u0131nda \u0130ngilizce \u00d6\u011fretmeni olarak g\u00f6rev yapm\u0131\u015f olan Duygu KONAY, 2016 y\u0131l\u0131nda Dinar Do\u011fanl\u0131 Ortaokuluna \u0130ngilizce \u00d6\u011fretmeni olarak atanm\u0131\u015ft\u0131r. \u015eu anda Dinar Do\u011fanl\u0131 Ortaokulunda \u0130ngilizce \u00d6\u011fretmenli\u011fi g\u00f6revini s\u00fcrd\u00fcrmektedir. Dr. KONAY, Adnan Menderes \u00dcniversitesi E\u011fitim Y\u00f6netimi ve Denetimi b\u00f6l\u00fcm\u00fcnde doktora e\u011fitimini tamamlam\u0131\u015ft\u0131r.<\/p>\n<\/div><\/div>\n<\/div><\/div><\/div>\n<\/div><\/section><\/div>","protected":false},"excerpt":{"rendered":"","protected":false},"author":1,"featured_media":0,"parent":0,"menu_order":0,"comment_status":"closed","ping_status":"closed","template":"","meta":{"footnotes":""},"class_list":["post-155","page","type-page","status-publish","hentry"],"_links":{"self":[{"href":"https:\/\/emuder.com\/en\/wp-json\/wp\/v2\/pages\/155","targetHints":{"allow":["GET"]}}],"collection":[{"href":"https:\/\/emuder.com\/en\/wp-json\/wp\/v2\/pages"}],"about":[{"href":"https:\/\/emuder.com\/en\/wp-json\/wp\/v2\/types\/page"}],"author":[{"embeddable":true,"href":"https:\/\/emuder.com\/en\/wp-json\/wp\/v2\/users\/1"}],"replies":[{"embeddable":true,"href":"https:\/\/emuder.com\/en\/wp-json\/wp\/v2\/comments?post=155"}],"version-history":[{"count":5,"href":"https:\/\/emuder.com\/en\/wp-json\/wp\/v2\/pages\/155\/revisions"}],"predecessor-version":[{"id":554,"href":"https:\/\/emuder.com\/en\/wp-json\/wp\/v2\/pages\/155\/revisions\/554"}],"wp:attachment":[{"href":"https:\/\/emuder.com\/en\/wp-json\/wp\/v2\/media?parent=155"}],"curies":[{"name":"wp","href":"https:\/\/api.w.org\/{rel}","templated":true}]}}