{"id":158,"date":"2024-05-06T14:52:42","date_gmt":"2024-05-06T14:52:42","guid":{"rendered":"https:\/\/emuder.com\/?page_id=158"},"modified":"2024-05-06T14:52:43","modified_gmt":"2024-05-06T14:52:43","slug":"dr-caner-cereci","status":"publish","type":"page","link":"https:\/\/emuder.com\/en\/dr-caner-cereci\/","title":{"rendered":"Dr. Caner CEREC\u0130"},"content":{"rendered":"<div class=\"section-wrapper\" data-id=\"Egpgxw\"><section class=\"wp-block-gutenverse-section guten-element guten-section guten-Egpgxw layout-boxed align-stretch\"><div class=\"guten-background-overlay\"><\/div><div class=\"guten-shape-divider guten-shape-divider-top\"><\/div><div class=\"guten-shape-divider guten-shape-divider-bottom\"><\/div><div class=\"guten-container guten-column-gap-default\">\n<div class=\"wp-block-gutenverse-column guten-element guten-column guten-1kIvXX\"><div class=\"guten-background-overlay\"><\/div><div class=\"sticky-wrapper\" data-id=\"1kIvXX\"><div class=\"guten-column-wrapper\">\n<div class=\"wp-block-gutenverse-image guten-element guten-image guten-HDgFum animated guten-element-hide desktop-fadeInLeft\"><a class=\"guten-image-wrapper\"><img loading=\"lazy\" decoding=\"async\" class=\"gutenverse-image-box-filled\" src=\"https:\/\/emuder.com\/wp-content\/themes\/accountra\/assets\/img\/american-beard-business-business-people-businessman-caucasian-1454767-pxhere.com.webp\" height=\"1920\" width=\"1449\"\/><\/a><\/div>\n<\/div><\/div><\/div>\n\n\n\n<div class=\"wp-block-gutenverse-column guten-element guten-column guten-ulD758 hide-mobile\"><div class=\"guten-background-overlay\"><\/div><div class=\"sticky-wrapper\" data-id=\"ulD758\"><div class=\"guten-column-wrapper\">\n<div class=\"guten-element gutenverse-text-editor guten-xRCYmM animated guten-element-hide desktop-fadeInLeft\"><div class=\"text-content-inner\">\n<p>Mersinli olan Dr. Cereci, 2005 y\u0131l\u0131nda Ankara \u00dcniversitesi E\u011fitim Bilimleri Fak\u00fcltesi Bilgisayar ve \u00d6\u011fretim Teknolojileri \u00d6\u011fretmenli\u011fi lisans program\u0131n\u0131, 2009 y\u0131l\u0131nda Ankara \u00dcniversitesi E\u011fitim Y\u00f6netimi ve Denetimi y\u00fcksek lisans program\u0131n\u0131, 2016 y\u0131l\u0131nda Ankara \u00dcniversitesi E\u011fitim Y\u00f6netimi ve Tefti\u015fi doktora program\u0131n\u0131 tamamlam\u0131\u015ft\u0131r. Milli E\u011fitim Bakanl\u0131\u011f\u0131na ba\u011fl\u0131 okullarda 2005 y\u0131l\u0131ndan bu yana \u00f6\u011fretmen ve okul y\u00f6neticisi olarak g\u00f6rev yapm\u0131\u015ft\u0131r. \u015eu an Mersin Tarsus \u0130stiklal \u0130mam Hatip Ortaokulu M\u00fcd\u00fcr\u00fc olarak g\u00f6rev yapmaktad\u0131r.<\/p>\n<\/div><\/div>\n<\/div><\/div><\/div>\n<\/div><\/section><\/div>","protected":false},"excerpt":{"rendered":"","protected":false},"author":1,"featured_media":0,"parent":0,"menu_order":0,"comment_status":"closed","ping_status":"closed","template":"","meta":{"footnotes":""},"class_list":["post-158","page","type-page","status-publish","hentry"],"_links":{"self":[{"href":"https:\/\/emuder.com\/en\/wp-json\/wp\/v2\/pages\/158","targetHints":{"allow":["GET"]}}],"collection":[{"href":"https:\/\/emuder.com\/en\/wp-json\/wp\/v2\/pages"}],"about":[{"href":"https:\/\/emuder.com\/en\/wp-json\/wp\/v2\/types\/page"}],"author":[{"embeddable":true,"href":"https:\/\/emuder.com\/en\/wp-json\/wp\/v2\/users\/1"}],"replies":[{"embeddable":true,"href":"https:\/\/emuder.com\/en\/wp-json\/wp\/v2\/comments?post=158"}],"version-history":[{"count":1,"href":"https:\/\/emuder.com\/en\/wp-json\/wp\/v2\/pages\/158\/revisions"}],"predecessor-version":[{"id":174,"href":"https:\/\/emuder.com\/en\/wp-json\/wp\/v2\/pages\/158\/revisions\/174"}],"wp:attachment":[{"href":"https:\/\/emuder.com\/en\/wp-json\/wp\/v2\/media?parent=158"}],"curies":[{"name":"wp","href":"https:\/\/api.w.org\/{rel}","templated":true}]}}