{"id":159,"date":"2024-05-06T14:42:21","date_gmt":"2024-05-06T14:42:21","guid":{"rendered":"https:\/\/emuder.com\/?page_id=159"},"modified":"2024-05-06T14:42:21","modified_gmt":"2024-05-06T14:42:21","slug":"dr-baris-cavus","status":"publish","type":"page","link":"https:\/\/emuder.com\/en\/dr-baris-cavus\/","title":{"rendered":"Dr. Bar\u0131\u015f \u00c7AVU\u015e"},"content":{"rendered":"<div class=\"section-wrapper\" data-id=\"Egpgxw\"><section class=\"wp-block-gutenverse-section guten-element guten-section guten-Egpgxw layout-boxed align-stretch\"><div class=\"guten-background-overlay\"><\/div><div class=\"guten-shape-divider guten-shape-divider-top\"><\/div><div class=\"guten-shape-divider guten-shape-divider-bottom\"><\/div><div class=\"guten-container guten-column-gap-default\">\n<div class=\"wp-block-gutenverse-column guten-element guten-column guten-1kIvXX\"><div class=\"guten-background-overlay\"><\/div><div class=\"sticky-wrapper\" data-id=\"1kIvXX\"><div class=\"guten-column-wrapper\">\n<div class=\"wp-block-gutenverse-image guten-element guten-image guten-HDgFum animated guten-element-hide desktop-fadeInLeft\"><a class=\"guten-image-wrapper\"><img loading=\"lazy\" decoding=\"async\" class=\"gutenverse-image-box-filled\" src=\"https:\/\/emuder.com\/wp-content\/themes\/accountra\/assets\/img\/american-beard-business-business-people-businessman-caucasian-1454767-pxhere.com.webp\" height=\"1920\" width=\"1449\"\/><\/a><\/div>\n<\/div><\/div><\/div>\n\n\n\n<div class=\"wp-block-gutenverse-column guten-element guten-column guten-ulD758 hide-mobile\"><div class=\"guten-background-overlay\"><\/div><div class=\"sticky-wrapper\" data-id=\"ulD758\"><div class=\"guten-column-wrapper\">\n<div class=\"guten-element gutenverse-text-editor guten-xRCYmM animated guten-element-hide desktop-fadeInLeft\"><div class=\"text-content-inner\">\n<p>Dr. Bar\u0131\u015f \u00c7AVU\u015e, 2004 y\u0131l\u0131nda Hacettepe \u00dcniversitesi, Edebiyat Fak\u00fcltesi, \u0130ngiliz Dilbilimi B\u00f6l\u00fcm\u00fc\u2019nden mezun olarak 2004-2005 e\u011fitim-\u00f6\u011fretim y\u0131l\u0131ndan itibaren Ayd\u0131n Adnan Menderes \u00dcniversitesi b\u00fcnyesinde tam zamanl\u0131 \u00d6\u011fretim Eleman\u0131 (Okutman) olarak akademik hayata ad\u0131m att\u0131. 2016 y\u0131l\u0131nda Ayd\u0131n Adnan Menderes \u00dcniversitesi, Sosyal Bilimler Enstit\u00fcs\u00fc, E\u011fitim Y\u00f6netimi, Tefti\u015fi, Planlamas\u0131 ve Ekonomisi program\u0131nda y\u00fcksek lisans\u0131n\u0131, 2021 y\u0131l\u0131nda ise ayn\u0131 programda doktoras\u0131n\u0131 tamamlayarak doktor unvan\u0131n\u0131 ald\u0131. 2004 y\u0131l\u0131ndan bu yana \u0130ngilizce Haz\u0131rl\u0131k S\u0131n\u0131flar\u0131nda ve \u00fcniversitenin \u00e7e\u015fitli birimlerinde lisans ve \u00f6nlisans d\u00fczeyinde \u00f6\u011fretim eleman\u0131 olarak \u0130ngilizce dersler veren Dr. \u00c7avu\u015f, lisans\u00fcst\u00fc e\u011fitimini y\u00fcr\u00fctt\u00fc\u011f\u00fc s\u00fcre boyunca da BAP ve Erasmus+ projelerinde ara\u015ft\u0131rmac\u0131 akademisyen olarak g\u00f6rev yapt\u0131. \u0130lgi alanlar\u0131 aras\u0131nda yabanc\u0131 dil e\u011fitimi ve \u00e7eviri bulunan Dr. \u00c7avu\u015f, akademik ara\u015ft\u0131rmalar ba\u011flam\u0131nda ise \u00f6rg\u00fctsel davran\u0131\u015f, e\u011fitimde ara\u015ft\u0131rma y\u00f6ntemleri, e\u011fitim y\u00f6netimi, e\u011fitim politikas\u0131 gibi konularla ilgilenmekte ve ilgili konularda akademik \u00e7al\u0131\u015fmalar y\u00fcr\u00fctmektedir.<\/p>\n<\/div><\/div>\n<\/div><\/div><\/div>\n<\/div><\/section><\/div>","protected":false},"excerpt":{"rendered":"","protected":false},"author":1,"featured_media":0,"parent":0,"menu_order":0,"comment_status":"closed","ping_status":"closed","template":"","meta":{"footnotes":""},"class_list":["post-159","page","type-page","status-publish","hentry"],"_links":{"self":[{"href":"https:\/\/emuder.com\/en\/wp-json\/wp\/v2\/pages\/159","targetHints":{"allow":["GET"]}}],"collection":[{"href":"https:\/\/emuder.com\/en\/wp-json\/wp\/v2\/pages"}],"about":[{"href":"https:\/\/emuder.com\/en\/wp-json\/wp\/v2\/types\/page"}],"author":[{"embeddable":true,"href":"https:\/\/emuder.com\/en\/wp-json\/wp\/v2\/users\/1"}],"replies":[{"embeddable":true,"href":"https:\/\/emuder.com\/en\/wp-json\/wp\/v2\/comments?post=159"}],"version-history":[{"count":1,"href":"https:\/\/emuder.com\/en\/wp-json\/wp\/v2\/pages\/159\/revisions"}],"predecessor-version":[{"id":162,"href":"https:\/\/emuder.com\/en\/wp-json\/wp\/v2\/pages\/159\/revisions\/162"}],"wp:attachment":[{"href":"https:\/\/emuder.com\/en\/wp-json\/wp\/v2\/media?parent=159"}],"curies":[{"name":"wp","href":"https:\/\/api.w.org\/{rel}","templated":true}]}}