{"id":172,"date":"2024-05-06T15:44:27","date_gmt":"2024-05-06T15:44:27","guid":{"rendered":"https:\/\/emuder.com\/?page_id=172"},"modified":"2024-05-06T15:44:27","modified_gmt":"2024-05-06T15:44:27","slug":"dr-remzi-burcin-cetin","status":"publish","type":"page","link":"https:\/\/emuder.com\/en\/dr-remzi-burcin-cetin\/","title":{"rendered":"Dr. Remzi Bur\u00e7in \u00c7ET\u0130N"},"content":{"rendered":"<div class=\"section-wrapper\" data-id=\"Egpgxw\"><section class=\"wp-block-gutenverse-section guten-element guten-section guten-Egpgxw layout-boxed align-stretch\"><div class=\"guten-background-overlay\"><\/div><div class=\"guten-shape-divider guten-shape-divider-top\"><\/div><div class=\"guten-shape-divider guten-shape-divider-bottom\"><\/div><div class=\"guten-container guten-column-gap-default\">\n<div class=\"wp-block-gutenverse-column guten-element guten-column guten-1kIvXX\"><div class=\"guten-background-overlay\"><\/div><div class=\"sticky-wrapper\" data-id=\"1kIvXX\"><div class=\"guten-column-wrapper\">\n<div class=\"wp-block-gutenverse-image guten-element guten-image guten-HDgFum animated guten-element-hide desktop-fadeInLeft\"><a class=\"guten-image-wrapper\"><img loading=\"lazy\" decoding=\"async\" class=\"gutenverse-image-box-filled\" src=\"https:\/\/emuder.com\/wp-content\/themes\/accountra\/assets\/img\/american-beard-business-business-people-businessman-caucasian-1454767-pxhere.com.webp\" height=\"1920\" width=\"1449\"\/><\/a><\/div>\n<\/div><\/div><\/div>\n\n\n\n<div class=\"wp-block-gutenverse-column guten-element guten-column guten-ulD758 hide-mobile\"><div class=\"guten-background-overlay\"><\/div><div class=\"sticky-wrapper\" data-id=\"ulD758\"><div class=\"guten-column-wrapper\">\n<div class=\"guten-element gutenverse-text-editor guten-xRCYmM animated guten-element-hide desktop-fadeInLeft\"><div class=\"text-content-inner\">\n<p>Mersinli olan Dr. Remzi Bur\u00e7in \u00c7ET\u0130N, 2006 y\u0131l\u0131nda Atat\u00fcrk \u00dcniversitesi Fen-Edebiyat Fak\u00fcltesi \u0130ngiliz Dili ve Edebiyat\u0131 lisans program\u0131n\u0131, 2014 y\u0131l\u0131nda S\u00fct\u00e7\u00fc \u0130mam \u00dcniversitesi E\u011fitim Y\u00f6netimi ve Denetimi y\u00fcksek lisans program\u0131n\u0131, 2020 y\u0131l\u0131nda \u0130n\u00f6n\u00fc \u00dcniversitesi E\u011fitim Y\u00f6netimi doktora program\u0131n\u0131 tamamlam\u0131\u015ft\u0131r. Milli E\u011fitim Bakanl\u0131\u011f\u0131na ba\u011fl\u0131 okullarda 2007 y\u0131l\u0131ndan bu yana \u00f6\u011fretmen ve okul y\u00f6neticisi olarak g\u00f6rev yapm\u0131\u015ft\u0131r. Halen Mersin \u2013 Tarsus \u0130l\u00e7e Milli E\u011fitim M\u00fcd\u00fcrl\u00fc\u011f\u00fcnde \u00d6zel B\u00fcro-Proje Koordinat\u00f6r\u00fc olarak g\u00f6rev yapmaktad\u0131r.<\/p>\n<\/div><\/div>\n<\/div><\/div><\/div>\n<\/div><\/section><\/div>","protected":false},"excerpt":{"rendered":"","protected":false},"author":1,"featured_media":0,"parent":0,"menu_order":0,"comment_status":"closed","ping_status":"closed","template":"","meta":{"footnotes":""},"class_list":["post-172","page","type-page","status-publish","hentry"],"_links":{"self":[{"href":"https:\/\/emuder.com\/en\/wp-json\/wp\/v2\/pages\/172","targetHints":{"allow":["GET"]}}],"collection":[{"href":"https:\/\/emuder.com\/en\/wp-json\/wp\/v2\/pages"}],"about":[{"href":"https:\/\/emuder.com\/en\/wp-json\/wp\/v2\/types\/page"}],"author":[{"embeddable":true,"href":"https:\/\/emuder.com\/en\/wp-json\/wp\/v2\/users\/1"}],"replies":[{"embeddable":true,"href":"https:\/\/emuder.com\/en\/wp-json\/wp\/v2\/comments?post=172"}],"version-history":[{"count":1,"href":"https:\/\/emuder.com\/en\/wp-json\/wp\/v2\/pages\/172\/revisions"}],"predecessor-version":[{"id":185,"href":"https:\/\/emuder.com\/en\/wp-json\/wp\/v2\/pages\/172\/revisions\/185"}],"wp:attachment":[{"href":"https:\/\/emuder.com\/en\/wp-json\/wp\/v2\/media?parent=172"}],"curies":[{"name":"wp","href":"https:\/\/api.w.org\/{rel}","templated":true}]}}