{"id":194,"date":"2024-05-06T15:48:34","date_gmt":"2024-05-06T15:48:34","guid":{"rendered":"https:\/\/emuder.com\/?page_id=194"},"modified":"2024-05-06T15:49:52","modified_gmt":"2024-05-06T15:49:52","slug":"blm-uzm-kadriye-cetin","status":"publish","type":"page","link":"https:\/\/emuder.com\/en\/blm-uzm-kadriye-cetin\/","title":{"rendered":"Blm. Uzm. Kadriye \u00c7ET\u0130N"},"content":{"rendered":"<div class=\"section-wrapper\" data-id=\"Egpgxw\"><section class=\"wp-block-gutenverse-section guten-element guten-section guten-Egpgxw layout-boxed align-stretch\"><div class=\"guten-background-overlay\"><\/div><div class=\"guten-shape-divider guten-shape-divider-top\"><\/div><div class=\"guten-shape-divider guten-shape-divider-bottom\"><\/div><div class=\"guten-container guten-column-gap-default\">\n<div class=\"wp-block-gutenverse-column guten-element guten-column guten-1kIvXX\"><div class=\"guten-background-overlay\"><\/div><div class=\"sticky-wrapper\" data-id=\"1kIvXX\"><div class=\"guten-column-wrapper\">\n<div class=\"wp-block-gutenverse-image guten-element guten-image guten-HDgFum animated guten-element-hide desktop-fadeInLeft\"><a class=\"guten-image-wrapper\"><img loading=\"lazy\" decoding=\"async\" class=\"gutenverse-image-box-filled\" src=\"https:\/\/emuder.com\/wp-content\/themes\/accountra\/assets\/img\/american-beard-business-business-people-businessman-caucasian-1454767-pxhere.com.webp\" height=\"1920\" width=\"1449\"\/><\/a><\/div>\n<\/div><\/div><\/div>\n\n\n\n<div class=\"wp-block-gutenverse-column guten-element guten-column guten-ulD758 hide-mobile\"><div class=\"guten-background-overlay\"><\/div><div class=\"sticky-wrapper\" data-id=\"ulD758\"><div class=\"guten-column-wrapper\">\n<div class=\"guten-element gutenverse-text-editor guten-xRCYmM animated guten-element-hide desktop-fadeInLeft\"><div class=\"text-content-inner\">\n<p>1984 Nazilli Do\u011fumlu olan Kadriye \u00c7ET\u0130N, Lisans E\u011fitimini 2006 y\u0131l\u0131nda Ege \u00dcniversitesi \u0130ngiliz Dili ve Edebiyat\u0131 B\u00f6l\u00fcm\u00fcnde, Y\u00fcksek Lisans E\u011fitimini 2019 y\u0131l\u0131nda Adnan Menderes \u00dcniversitesi E\u011fitim Y\u00f6netimi Tefti\u015fi Planlamas\u0131 ve Ekonomisi Tezli Y\u00fcksek Lisans B\u00f6l\u00fcm\u00fcnde \u2018\u00d6\u011fretim Elemanlar\u0131n\u0131n G\u00f6r\u00fc\u015flerine G\u00f6re Y\u00fcksek\u00f6\u011fretim\u2019de Planlama Sorunlar\u0131 ve \u00c7\u00f6z\u00fcm \u00d6nerileri\u2019 konulu tezi ile tamamlad\u0131. Sonra s\u0131ras\u0131yla 2011\u2019de Yozgat Bozok \u00dcniversitesi Uluslararas\u0131 Ofis\u2019te Uzman olarak; 2011 y\u0131l\u0131nda Kars Z\u00fcbeyde Han\u0131m Ortaokulu, 2012\u2019de A\u011fr\u0131 Patnos Alparslan Anadolu Lisesi, 2015 y\u0131l\u0131nda Nazilli Fen Lisesi\u2019nde \u0130ngilizce \u00d6\u011fretmeni olarak g\u00f6rev yapm\u0131\u015ft\u0131r. 2019 \u2013 2021 y\u0131llar\u0131 aras\u0131nda Nazilli Menderes Anadolu Lisesi\u2019nde M\u00fcd\u00fcr yard\u0131mc\u0131s\u0131 olarak g\u00f6rev yapm\u0131\u015f ve \u015fu anda \u0130sabeyli Ortaokulu\u2019nda \u0130ngilizce \u00d6\u011fretmeni olarak g\u00f6rev yapmaktad\u0131r. \u0130yi derecede \u0130ngilizce ve orta d\u00fczeyde Almanca bilmektedir. Ulusal ve Uluslararas\u0131 e-Twinning projeleri, YGA (Young Guru Academy), Ulusal Fen Liseleri \u00d6\u011frenci Kongreleri ve yurtd\u0131\u015f\u0131 (CERN- Avrupa N\u00fckleer Ara\u015ft\u0131rmalar Merkezi) bilimsel ve k\u00fclt\u00fcrel \u00f6\u011frenci gezilerinde, T\u00dcB\u0130TAK 4006 projelerinde dan\u0131\u015fmanl\u0131k ve rehberlik buna ek olarak Y\u00fcksek\u00f6\u011fretim kurumlar\u0131na ge\u00e7i\u015fte tercih dan\u0131\u015fman\u0131 olarak orta\u00f6\u011fretim \u00f6\u011frencilerine rehberlik yapm\u0131\u015ft\u0131r. Evli ve 2 \u00e7ocuk annesi olan Kadriye \u00c7ET\u0130N, E\u011fitim Planlamas\u0131, D\u00fcnya\u2019da Y\u00fcksek\u00f6\u011fretimin Finansman\u0131, Kar\u015f\u0131la\u015ft\u0131rmal\u0131 E\u011fitim Sistemleri, E\u011fitim Sosyolojisi ve E\u011fitim \u00d6rg\u00fctlerinde Liderlik konular\u0131na ilgi duymaktad\u0131r.<\/p>\n<\/div><\/div>\n<\/div><\/div><\/div>\n<\/div><\/section><\/div>","protected":false},"excerpt":{"rendered":"","protected":false},"author":1,"featured_media":0,"parent":0,"menu_order":0,"comment_status":"closed","ping_status":"closed","template":"","meta":{"footnotes":""},"class_list":["post-194","page","type-page","status-publish","hentry"],"_links":{"self":[{"href":"https:\/\/emuder.com\/en\/wp-json\/wp\/v2\/pages\/194","targetHints":{"allow":["GET"]}}],"collection":[{"href":"https:\/\/emuder.com\/en\/wp-json\/wp\/v2\/pages"}],"about":[{"href":"https:\/\/emuder.com\/en\/wp-json\/wp\/v2\/types\/page"}],"author":[{"embeddable":true,"href":"https:\/\/emuder.com\/en\/wp-json\/wp\/v2\/users\/1"}],"replies":[{"embeddable":true,"href":"https:\/\/emuder.com\/en\/wp-json\/wp\/v2\/comments?post=194"}],"version-history":[{"count":2,"href":"https:\/\/emuder.com\/en\/wp-json\/wp\/v2\/pages\/194\/revisions"}],"predecessor-version":[{"id":201,"href":"https:\/\/emuder.com\/en\/wp-json\/wp\/v2\/pages\/194\/revisions\/201"}],"wp:attachment":[{"href":"https:\/\/emuder.com\/en\/wp-json\/wp\/v2\/media?parent=194"}],"curies":[{"name":"wp","href":"https:\/\/api.w.org\/{rel}","templated":true}]}}