{"id":290,"date":"2024-05-06T20:09:50","date_gmt":"2024-05-06T20:09:50","guid":{"rendered":"https:\/\/emuder.com\/?page_id=290"},"modified":"2024-05-06T22:03:33","modified_gmt":"2024-05-06T22:03:33","slug":"ogrenciye-destek","status":"publish","type":"page","link":"https:\/\/emuder.com\/en\/ogrenciye-destek\/","title":{"rendered":"\u00d6\u011frenciye Destek"},"content":{"rendered":"<div class=\"section-wrapper\" data-id=\"Ira8ak\"><section class=\"wp-block-gutenverse-section guten-element guten-section guten-Ira8ak layout-boxed align-stretch\"><div class=\"guten-background-overlay\"><\/div><div class=\"guten-shape-divider guten-shape-divider-top\"><\/div><div class=\"guten-shape-divider guten-shape-divider-bottom\"><\/div><div class=\"guten-container guten-column-gap-default\">\n<div class=\"wp-block-gutenverse-column guten-element guten-column guten-CSphzF animated guten-element-hide desktop-fadeInUp\"><div class=\"guten-background-overlay\"><\/div><div class=\"sticky-wrapper\" data-id=\"CSphzF\"><div class=\"guten-column-wrapper\">\n<div class=\"wp-block-gutenverse-image guten-element guten-image guten-1OILTa\"><a class=\"guten-image-wrapper\"><img loading=\"lazy\" decoding=\"async\" class=\"gutenverse-image-box-filled\" src=\"https:\/\/emuder.com\/wp-content\/uploads\/2024\/05\/WhatsApp-Image-2024-05-06-at-17.35.391.jpeg\" height=\"1200\" width=\"1600\"\/><\/a><\/div>\n\n\n\n<div class=\"wp-block-gutenverse-image guten-element guten-image guten-TH6PEQ animated guten-element-hide desktop-fadeInUp\"><a class=\"guten-image-wrapper\"><img loading=\"lazy\" decoding=\"async\" class=\"gutenverse-image-box-filled\" src=\"https:\/\/emuder.com\/wp-content\/uploads\/2024\/05\/WhatsApp-Image-2024-05-06-at-22.57.401.jpeg\" height=\"650\" width=\"650\"\/><\/a><\/div>\n<\/div><\/div><\/div>\n\n\n\n<div class=\"wp-block-gutenverse-column guten-element guten-column guten-UWb9lp\"><div class=\"guten-background-overlay\"><\/div><div class=\"sticky-wrapper\" data-id=\"UWb9lp\"><div class=\"guten-column-wrapper\">\n<h5 class=\"wp-block-gutenverse-heading guten-element guten-CZOP9H animated guten-element-hide desktop-fadeInLeft\">Ba\u011f\u0131\u015flar\u0131n\u0131z i\u00e7in Te\u015fekk\u00fcr Ederiz!<\/h5>\n\n\n\n<h2 class=\"wp-block-gutenverse-heading guten-element guten-DZHhFF animated guten-element-hide desktop-fadeInLeft\">Birlikte b\u00fcy\u00fcmeye devam edece\u011fiz\u2026<\/h2>\n\n\n\n<div class=\"guten-element gutenverse-text-editor guten-2UJA1S animated guten-element-hide desktop-fadeInLeft\"><div class=\"text-content-inner\">\n<p>Derne\u011fimize T\u00fcrkiye&#8217;nin bir\u00e7ok b\u00f6lgesinden ders deste\u011fine ihtiyac\u0131 olan y\u00fczlerce \u00f6\u011frenci ba\u015fvuruyor. Bizler ise \u00f6\u011frencilerimizin parlak bir gelece\u011fe sahip olmalar\u0131 i\u00e7in g\u00f6n\u00fcll\u00fclerimizle \u00e7ok yo\u011fun \u00e7al\u0131\u015f\u0131yoruz ama sizin de desteklerinize ihtiyac\u0131m\u0131z var.<br><br>D\u00fc\u015f\u00fck maliyetli ve g\u00f6n\u00fcll\u00fc temelli modelimiz sayesinde, bir \u00f6\u011frencinin bir e\u011fitim y\u0131l\u0131 boyunca bir dersten destek program\u0131m\u0131za kat\u0131l\u0131m\u0131 sadece 2000 TL ile kar\u015f\u0131lanabiliyor. \u00d6\u011frencilerimin %90&#8217;\u0131 hem matematik hem de fen bilimleri destek programlar\u0131na kat\u0131lm\u0131\u015f durumdad\u0131r. Siz de bir ya da daha fazla \u00f6\u011frencinin destek program\u0131na kat\u0131labilmesi i\u00e7in maddi destek verebilirsiniz.<br><br>\u00d6\u011frencilerin gelece\u011fi i\u00e7in u\u00e7u\u015flar\u0131na destek olmak isterseniz ;<br><br>EFT\/Havale yoluyla ba\u011f\u0131\u015flar\u0131n\u0131z i\u00e7in hesap bilgilerimiz:<br><br>Hesap Ad\u0131: E\u011fitimde M\u00fckemmellik Derne\u011fi<br>\u015eube: T\u00fcrkiye \u0130\u015f Bankas\u0131 Ayd\u0131n \u015eubesi (3000)<br>Hesap No: 1996865<br>IBAN: TR80 0006 4000 0013 0001 9968 65<br>A\u00c7IKLAMA: \u00d6\u011frenci Deste\u011fi<\/p>\n<\/div><\/div>\n<\/div><\/div><\/div>\n<\/div><\/section><\/div>","protected":false},"excerpt":{"rendered":"","protected":false},"author":1,"featured_media":0,"parent":0,"menu_order":0,"comment_status":"closed","ping_status":"closed","template":"","meta":{"footnotes":""},"class_list":["post-290","page","type-page","status-publish","hentry"],"_links":{"self":[{"href":"https:\/\/emuder.com\/en\/wp-json\/wp\/v2\/pages\/290","targetHints":{"allow":["GET"]}}],"collection":[{"href":"https:\/\/emuder.com\/en\/wp-json\/wp\/v2\/pages"}],"about":[{"href":"https:\/\/emuder.com\/en\/wp-json\/wp\/v2\/types\/page"}],"author":[{"embeddable":true,"href":"https:\/\/emuder.com\/en\/wp-json\/wp\/v2\/users\/1"}],"replies":[{"embeddable":true,"href":"https:\/\/emuder.com\/en\/wp-json\/wp\/v2\/comments?post=290"}],"version-history":[{"count":13,"href":"https:\/\/emuder.com\/en\/wp-json\/wp\/v2\/pages\/290\/revisions"}],"predecessor-version":[{"id":380,"href":"https:\/\/emuder.com\/en\/wp-json\/wp\/v2\/pages\/290\/revisions\/380"}],"wp:attachment":[{"href":"https:\/\/emuder.com\/en\/wp-json\/wp\/v2\/media?parent=290"}],"curies":[{"name":"wp","href":"https:\/\/api.w.org\/{rel}","templated":true}]}}