{"id":304,"date":"2024-05-06T20:29:34","date_gmt":"2024-05-06T20:29:34","guid":{"rendered":"https:\/\/emuder.com\/?page_id=304"},"modified":"2024-05-06T22:03:50","modified_gmt":"2024-05-06T22:03:50","slug":"sinifa-destek","status":"publish","type":"page","link":"https:\/\/emuder.com\/en\/sinifa-destek\/","title":{"rendered":"S\u0131n\u0131fa Destek"},"content":{"rendered":"<div class=\"section-wrapper\" data-id=\"Ira8ak\"><section class=\"wp-block-gutenverse-section guten-element guten-section guten-Ira8ak layout-boxed align-stretch\"><div class=\"guten-background-overlay\"><\/div><div class=\"guten-shape-divider guten-shape-divider-top\"><\/div><div class=\"guten-shape-divider guten-shape-divider-bottom\"><\/div><div class=\"guten-container guten-column-gap-default\">\n<div class=\"wp-block-gutenverse-column guten-element guten-column guten-CSphzF animated guten-element-hide desktop-fadeInUp\"><div class=\"guten-background-overlay\"><\/div><div class=\"sticky-wrapper\" data-id=\"CSphzF\"><div class=\"guten-column-wrapper\">\n<div class=\"wp-block-gutenverse-image guten-element guten-image guten-1OILTa\"><a class=\"guten-image-wrapper\"><img loading=\"lazy\" decoding=\"async\" class=\"gutenverse-image-box-filled\" src=\"https:\/\/emuder.com\/wp-content\/uploads\/2024\/05\/WhatsApp-Image-2024-05-06-at-17.35.391.jpeg\" height=\"1200\" width=\"1600\"\/><\/a><\/div>\n\n\n\n<div class=\"wp-block-gutenverse-image guten-element guten-image guten-TH6PEQ animated guten-element-hide desktop-fadeInUp\"><a class=\"guten-image-wrapper\"><img loading=\"lazy\" decoding=\"async\" class=\"gutenverse-image-box-filled\" src=\"https:\/\/emuder.com\/wp-content\/uploads\/2024\/05\/WhatsApp-Image-2024-05-06-at-23.27.09.jpeg\" height=\"1066\" width=\"1600\"\/><\/a><\/div>\n<\/div><\/div><\/div>\n\n\n\n<div class=\"wp-block-gutenverse-column guten-element guten-column guten-UWb9lp\"><div class=\"guten-background-overlay\"><\/div><div class=\"sticky-wrapper\" data-id=\"UWb9lp\"><div class=\"guten-column-wrapper\">\n<h5 class=\"wp-block-gutenverse-heading guten-element guten-CZOP9H animated guten-element-hide desktop-fadeInLeft\">Ba\u011f\u0131\u015flar\u0131n\u0131z i\u00e7in Te\u015fekk\u00fcr Ederiz!<\/h5>\n\n\n\n<h2 class=\"wp-block-gutenverse-heading guten-element guten-DZHhFF animated guten-element-hide desktop-fadeInLeft\">Birlikte b\u00fcy\u00fcmeye devam edece\u011fiz\u2026<\/h2>\n\n\n\n<div class=\"guten-element gutenverse-text-editor guten-2UJA1S animated guten-element-hide desktop-fadeInLeft\"><div class=\"text-content-inner\">\n<p>&#8220;Bu ba\u011f\u0131\u015fla ger\u00e7ekten bir fark yaratabilir miyim?&#8221; diyenleriniz i\u00e7in cevap verelim; bir de\u011fil 7 fark yaratabilirsiniz. Bir s\u0131n\u0131f\u0131n bir ders e\u011fitim maliyetini \u00fcstlenerek 7 \u00f6\u011frencimizin gelece\u011fi i\u00e7in fark yaratabilirsiniz.<br><br>T\u00fcrkiye&#8217;nin farkl\u0131 yerlerinden 7 \u00f6\u011frenci ve bir g\u00f6n\u00fcll\u00fc e\u011fitmenin olu\u015fturdu\u011fu s\u0131n\u0131f\u0131n bir y\u0131ll\u0131k bir ders e\u011fitim maliyeti 14.000 TL&#8217;dir.<br><br>\u00d6\u011frencilerin gelece\u011fi i\u00e7in u\u00e7u\u015flar\u0131na destek olmak isterseniz ;<br><br>EFT\/Havale yoluyla ba\u011f\u0131\u015flar\u0131n\u0131z i\u00e7in hesap bilgilerimiz:<br><br>Hesap Ad\u0131: E\u011fitimde M\u00fckemmellik Derne\u011fi<br>\u015eube: T\u00fcrkiye \u0130\u015f Bankas\u0131 Ayd\u0131n \u015eubesi (3000)<br>Hesap No: 1996865<br>IBAN: TR80 0006 4000 0013 0001 9968 65<br>A\u00c7IKLAMA: S\u0131n\u0131fa Destek<\/p>\n<\/div><\/div>\n<\/div><\/div><\/div>\n<\/div><\/section><\/div>","protected":false},"excerpt":{"rendered":"","protected":false},"author":1,"featured_media":0,"parent":0,"menu_order":0,"comment_status":"closed","ping_status":"closed","template":"","meta":{"footnotes":""},"class_list":["post-304","page","type-page","status-publish","hentry"],"_links":{"self":[{"href":"https:\/\/emuder.com\/en\/wp-json\/wp\/v2\/pages\/304","targetHints":{"allow":["GET"]}}],"collection":[{"href":"https:\/\/emuder.com\/en\/wp-json\/wp\/v2\/pages"}],"about":[{"href":"https:\/\/emuder.com\/en\/wp-json\/wp\/v2\/types\/page"}],"author":[{"embeddable":true,"href":"https:\/\/emuder.com\/en\/wp-json\/wp\/v2\/users\/1"}],"replies":[{"embeddable":true,"href":"https:\/\/emuder.com\/en\/wp-json\/wp\/v2\/comments?post=304"}],"version-history":[{"count":6,"href":"https:\/\/emuder.com\/en\/wp-json\/wp\/v2\/pages\/304\/revisions"}],"predecessor-version":[{"id":381,"href":"https:\/\/emuder.com\/en\/wp-json\/wp\/v2\/pages\/304\/revisions\/381"}],"wp:attachment":[{"href":"https:\/\/emuder.com\/en\/wp-json\/wp\/v2\/media?parent=304"}],"curies":[{"name":"wp","href":"https:\/\/api.w.org\/{rel}","templated":true}]}}