{"id":370,"date":"2024-05-06T21:59:35","date_gmt":"2024-05-06T21:59:35","guid":{"rendered":"https:\/\/emuder.com\/?page_id=370"},"modified":"2024-05-06T22:25:41","modified_gmt":"2024-05-06T22:25:41","slug":"ozel-gun-karti","status":"publish","type":"page","link":"https:\/\/emuder.com\/en\/ozel-gun-karti\/","title":{"rendered":"Special Occasion Card"},"content":{"rendered":"<div class=\"section-wrapper\" data-id=\"Ira8ak\"><section class=\"wp-block-gutenverse-section guten-element guten-section guten-Ira8ak layout-boxed align-stretch\"><div class=\"guten-background-overlay\"><\/div><div class=\"guten-shape-divider guten-shape-divider-top\"><\/div><div class=\"guten-shape-divider guten-shape-divider-bottom\"><\/div><div class=\"guten-container guten-column-gap-default\">\n<div class=\"wp-block-gutenverse-column guten-element guten-column guten-CSphzF animated guten-element-hide desktop-fadeInUp\"><div class=\"guten-background-overlay\"><\/div><div class=\"sticky-wrapper\" data-id=\"CSphzF\"><div class=\"guten-column-wrapper\">\n<div class=\"wp-block-gutenverse-image guten-element guten-image guten-1OILTa\"><a class=\"guten-image-wrapper\"><img loading=\"lazy\" decoding=\"async\" class=\"gutenverse-image-box-filled\" src=\"https:\/\/emuder.com\/wp-content\/uploads\/2024\/05\/WhatsApp-Image-2024-05-06-at-17.35.391.jpeg\" height=\"1200\" width=\"1600\"\/><\/a><\/div>\n\n\n\n<div class=\"wp-block-gutenverse-image guten-element guten-image guten-TH6PEQ animated guten-element-hide desktop-fadeInUp\"><a class=\"guten-image-wrapper\"><img loading=\"lazy\" decoding=\"async\" class=\"gutenverse-image-box-filled\" src=\"https:\/\/emuder.com\/wp-content\/uploads\/2024\/05\/WhatsApp-Image-2024-05-07-at-01.25.20.jpeg\" height=\"1533\" width=\"1600\"\/><\/a><\/div>\n<\/div><\/div><\/div>\n\n\n\n<div class=\"wp-block-gutenverse-column guten-element guten-column guten-UWb9lp\"><div class=\"guten-background-overlay\"><\/div><div class=\"sticky-wrapper\" data-id=\"UWb9lp\"><div class=\"guten-column-wrapper\">\n<h5 class=\"wp-block-gutenverse-heading guten-element guten-CZOP9H animated guten-element-hide desktop-fadeInLeft\">Ba\u011f\u0131\u015flar\u0131n\u0131z i\u00e7in Te\u015fekk\u00fcr Ederiz!<\/h5>\n\n\n\n<h2 class=\"wp-block-gutenverse-heading guten-element guten-DZHhFF animated guten-element-hide desktop-fadeInLeft\">Birlikte b\u00fcy\u00fcmeye devam edece\u011fiz\u2026<\/h2>\n\n\n\n<div class=\"guten-element gutenverse-text-editor guten-2UJA1S animated guten-element-hide desktop-fadeInLeft\"><div class=\"text-content-inner\">\n<p>\u00d6zel g\u00fcnlerinde yak\u0131nlar\u0131n\u0131za EM\u00dcDER \u00d6zel G\u00fcn Kartlar\u0131\u2019ndan g\u00f6ndererek \u00e7ocuklar\u0131m\u0131z\u0131n e\u011fitimine destek olabilirsiniz.<br><br>\u00d6zel g\u00fcn ba\u011f\u0131\u015f\u0131, \u00f6zel g\u00fcnleri kutlamak yerine bunu \u00e7e\u015fitli \u015fekilde ba\u011f\u0131\u015flayarak yararl\u0131 bir konuda kullanmak olarak a\u00e7\u0131klayabiliriz. \u00d6zel g\u00fcnlerimizde genellikle 2 \u2013 3 saatlik e\u011flenceler i\u00e7in b\u00fcy\u00fck b\u00fct\u00e7eler harcamaktay\u0131z. Ancak bu b\u00fcy\u00fck paralar\u0131 k\u0131sa e\u011flencelerle harcamak yerine insanlar\u0131n hayat\u0131na dokunmak i\u00e7in veya D\u00fcnya\u2019ya yararl\u0131 bir \u015feyler yapmak i\u00e7in kullanabiliriz. Bu \u015fekilde b\u00fct\u00e7emizi de\u011ferlendirmek asl\u0131nda \u00f6zel g\u00fcnlerin unutulup gitmesi yerine daha \u00f6l\u00fcms\u00fcz bir hal almas\u0131n\u0131 sa\u011flayacakt\u0131r.<br><br>EFT\/Havale yoluyla ba\u011f\u0131\u015flar\u0131n\u0131z i\u00e7in hesap bilgilerimiz:<br><br>Hesap Ad\u0131: E\u011fitimde M\u00fckemmellik Derne\u011fi<br>\u015eube: T\u00fcrkiye \u0130\u015f Bankas\u0131 Ayd\u0131n \u015eubesi (3000)<br>Hesap No: 1996865<br>IBAN: TR80 0006 4000 0013 0001 9968 65<br>A\u00c7IKLAMA: \u00d6ZEL G\u00dcN BA\u011eI\u015eI<\/p>\n<\/div><\/div>\n<\/div><\/div><\/div>\n<\/div><\/section><\/div>","protected":false},"excerpt":{"rendered":"","protected":false},"author":1,"featured_media":0,"parent":0,"menu_order":0,"comment_status":"closed","ping_status":"closed","template":"","meta":{"footnotes":""},"class_list":["post-370","page","type-page","status-publish","hentry"],"_links":{"self":[{"href":"https:\/\/emuder.com\/en\/wp-json\/wp\/v2\/pages\/370","targetHints":{"allow":["GET"]}}],"collection":[{"href":"https:\/\/emuder.com\/en\/wp-json\/wp\/v2\/pages"}],"about":[{"href":"https:\/\/emuder.com\/en\/wp-json\/wp\/v2\/types\/page"}],"author":[{"embeddable":true,"href":"https:\/\/emuder.com\/en\/wp-json\/wp\/v2\/users\/1"}],"replies":[{"embeddable":true,"href":"https:\/\/emuder.com\/en\/wp-json\/wp\/v2\/comments?post=370"}],"version-history":[{"count":5,"href":"https:\/\/emuder.com\/en\/wp-json\/wp\/v2\/pages\/370\/revisions"}],"predecessor-version":[{"id":393,"href":"https:\/\/emuder.com\/en\/wp-json\/wp\/v2\/pages\/370\/revisions\/393"}],"wp:attachment":[{"href":"https:\/\/emuder.com\/en\/wp-json\/wp\/v2\/media?parent=370"}],"curies":[{"name":"wp","href":"https:\/\/api.w.org\/{rel}","templated":true}]}}