{"id":396,"date":"2024-05-06T22:27:51","date_gmt":"2024-05-06T22:27:51","guid":{"rendered":"https:\/\/emuder.com\/?page_id=396"},"modified":"2024-05-06T22:39:21","modified_gmt":"2024-05-06T22:39:21","slug":"kurumsal-bagis","status":"publish","type":"page","link":"https:\/\/emuder.com\/en\/kurumsal-bagis\/","title":{"rendered":"Kurumsal Ba\u011f\u0131\u015f"},"content":{"rendered":"<div class=\"section-wrapper\" data-id=\"Ira8ak\"><section class=\"wp-block-gutenverse-section guten-element guten-section guten-Ira8ak layout-boxed align-stretch\"><div class=\"guten-background-overlay\"><\/div><div class=\"guten-shape-divider guten-shape-divider-top\"><\/div><div class=\"guten-shape-divider guten-shape-divider-bottom\"><\/div><div class=\"guten-container guten-column-gap-default\">\n<div class=\"wp-block-gutenverse-column guten-element guten-column guten-CSphzF animated guten-element-hide desktop-fadeInUp\"><div class=\"guten-background-overlay\"><\/div><div class=\"sticky-wrapper\" data-id=\"CSphzF\"><div class=\"guten-column-wrapper\">\n<div class=\"wp-block-gutenverse-image guten-element guten-image guten-1OILTa\"><a class=\"guten-image-wrapper\"><img loading=\"lazy\" decoding=\"async\" class=\"gutenverse-image-box-filled\" src=\"https:\/\/emuder.com\/wp-content\/uploads\/2024\/05\/WhatsApp-Image-2024-05-06-at-17.35.391.jpeg\" height=\"1200\" width=\"1600\"\/><\/a><\/div>\n\n\n\n<div class=\"wp-block-gutenverse-image guten-element guten-image guten-TH6PEQ animated guten-element-hide desktop-fadeInUp\"><a class=\"guten-image-wrapper\"><img loading=\"lazy\" decoding=\"async\" class=\"gutenverse-image-box-filled\" src=\"https:\/\/emuder.com\/wp-content\/uploads\/2024\/05\/WhatsApp-Image-2024-05-07-at-01.38.24.jpeg\" height=\"1600\" width=\"1600\"\/><\/a><\/div>\n<\/div><\/div><\/div>\n\n\n\n<div class=\"wp-block-gutenverse-column guten-element guten-column guten-UWb9lp\"><div class=\"guten-background-overlay\"><\/div><div class=\"sticky-wrapper\" data-id=\"UWb9lp\"><div class=\"guten-column-wrapper\">\n<h5 class=\"wp-block-gutenverse-heading guten-element guten-CZOP9H animated guten-element-hide desktop-fadeInLeft\">Gelecek \u0130\u00e7in!<\/h5>\n\n\n\n<h2 class=\"wp-block-gutenverse-heading guten-element guten-DZHhFF animated guten-element-hide desktop-fadeInLeft\">Kurumlar, EM\u00dcDER&#8217;e \u015fartl\u0131 veya \u015farts\u0131z burs ba\u011f\u0131\u015f\u0131 yapabilir.<br><\/h2>\n\n\n\n<div class=\"guten-element gutenverse-text-editor guten-2UJA1S animated guten-element-hide desktop-fadeInLeft\"><div class=\"text-content-inner\">\n<p>EM\u00dcDER, \u00e7ocuklar ve gen\u00e7lerin e\u011fitimleri s\u00fcresince verilen desteklerin s\u00fcrd\u00fcr\u00fclebilir k\u0131lmak ve desteklerini \u00e7e\u015fitlendirerek daha fazla \u00e7ocu\u011fa ula\u015ft\u0131rmak ad\u0131na kurumsal deste\u011fe ihtiya\u00e7 duyuyor. Siz de kurumsal ba\u011f\u0131\u015f\u00e7\u0131 olarak m\u00fckemmel e\u011fitim faaliyetlerinin s\u00fcrd\u00fcr\u00fclebilirli\u011fine destek olabilirsiniz.<br><br>Yap\u0131lan ba\u011f\u0131\u015flar ile EM\u00dcDER&#8217; in daha fazla \u00e7ocu\u011fa ula\u015fmas\u0131na katk\u0131da bulunurken ayn\u0131 zamanda kurum \u00e7al\u0131\u015fanlar\u0131n\u0131n sosyal sorumluluk k\u00fclt\u00fcr\u00fcn\u00fcn geli\u015fmesini ve kurumsal aidiyetin artmas\u0131n\u0131 sa\u011flayabilirsiniz.<br>S\u00fcrd\u00fcr\u00fclebilir izler b\u0131rakmak i\u00e7in gelece\u011fin liderlerini yeti\u015ftirmek amac\u0131yla \u00f6\u011frencilerin, e\u011fitim hayat\u0131n\u0131 desteklemek \u00fczere Sizlerle Hep Daha \u0130yiye\u2026<br><br>Deste\u011finiz ve c\u00f6mertli\u011finiz i\u00e7in te\u015fekk\u00fcr ederiz.<br>EFT\/Havale yoluyla ba\u011f\u0131\u015flar\u0131n\u0131z i\u00e7in hesap bilgilerimiz:<br>Hesap Ad\u0131: E\u011fitimde M\u00fckemmellik Derne\u011fi<br>\u015eube: T\u00fcrkiye \u0130\u015f Bankas\u0131 Ayd\u0131n \u015eubesi (3000)<br>Hesap No: 1996865<br>IBAN: TR80 0006 4000 0013 0001 9968 65<\/p>\n<\/div><\/div>\n<\/div><\/div><\/div>\n<\/div><\/section><\/div>","protected":false},"excerpt":{"rendered":"","protected":false},"author":1,"featured_media":0,"parent":0,"menu_order":0,"comment_status":"closed","ping_status":"closed","template":"","meta":{"footnotes":""},"class_list":["post-396","page","type-page","status-publish","hentry"],"_links":{"self":[{"href":"https:\/\/emuder.com\/en\/wp-json\/wp\/v2\/pages\/396","targetHints":{"allow":["GET"]}}],"collection":[{"href":"https:\/\/emuder.com\/en\/wp-json\/wp\/v2\/pages"}],"about":[{"href":"https:\/\/emuder.com\/en\/wp-json\/wp\/v2\/types\/page"}],"author":[{"embeddable":true,"href":"https:\/\/emuder.com\/en\/wp-json\/wp\/v2\/users\/1"}],"replies":[{"embeddable":true,"href":"https:\/\/emuder.com\/en\/wp-json\/wp\/v2\/comments?post=396"}],"version-history":[{"count":3,"href":"https:\/\/emuder.com\/en\/wp-json\/wp\/v2\/pages\/396\/revisions"}],"predecessor-version":[{"id":401,"href":"https:\/\/emuder.com\/en\/wp-json\/wp\/v2\/pages\/396\/revisions\/401"}],"wp:attachment":[{"href":"https:\/\/emuder.com\/en\/wp-json\/wp\/v2\/media?parent=396"}],"curies":[{"name":"wp","href":"https:\/\/api.w.org\/{rel}","templated":true}]}}