{"id":410,"date":"2024-05-06T23:55:16","date_gmt":"2024-05-06T23:55:16","guid":{"rendered":"https:\/\/emuder.com\/?page_id=410"},"modified":"2024-05-07T00:06:52","modified_gmt":"2024-05-07T00:06:52","slug":"hizmetici-egitim","status":"publish","type":"page","link":"https:\/\/emuder.com\/en\/hizmetici-egitim\/","title":{"rendered":"SERVICE TRAINING"},"content":{"rendered":"<div class=\"section-wrapper\" data-id=\"Ira8ak\"><section class=\"wp-block-gutenverse-section guten-element guten-section guten-Ira8ak layout-boxed align-stretch\"><div class=\"guten-background-overlay\"><\/div><div class=\"guten-shape-divider guten-shape-divider-top\"><\/div><div class=\"guten-shape-divider guten-shape-divider-bottom\"><\/div><div class=\"guten-container guten-column-gap-default\">\n<div class=\"wp-block-gutenverse-column guten-element guten-column guten-CSphzF animated guten-element-hide desktop-fadeInUp\"><div class=\"guten-background-overlay\"><\/div><div class=\"sticky-wrapper\" data-id=\"CSphzF\"><div class=\"guten-column-wrapper\">\n<div class=\"wp-block-gutenverse-image guten-element guten-image guten-1OILTa\"><a class=\"guten-image-wrapper\"><img loading=\"lazy\" decoding=\"async\" class=\"gutenverse-image-box-filled\" src=\"https:\/\/emuder.com\/wp-content\/uploads\/2024\/05\/WhatsApp-Image-2024-05-06-at-17.35.391.jpeg\" height=\"1200\" width=\"1600\"\/><\/a><\/div>\n\n\n\n<div class=\"wp-block-gutenverse-image guten-element guten-image guten-TH6PEQ animated guten-element-hide desktop-fadeInUp\"><a class=\"guten-image-wrapper\"><img loading=\"lazy\" decoding=\"async\" class=\"gutenverse-image-box-filled\" src=\"https:\/\/emuder.com\/wp-content\/uploads\/2024\/05\/WhatsApp-Image-2024-05-06-at-23.44.08.jpeg\" height=\"508\" width=\"690\"\/><\/a><\/div>\n<\/div><\/div><\/div>\n\n\n\n<div class=\"wp-block-gutenverse-column guten-element guten-column guten-UWb9lp\"><div class=\"guten-background-overlay\"><\/div><div class=\"sticky-wrapper\" data-id=\"UWb9lp\"><div class=\"guten-column-wrapper\">\n<h5 class=\"wp-block-gutenverse-heading guten-element guten-CZOP9H animated guten-element-hide desktop-fadeInLeft\">Bilgi \u00dcretiminde \u00d6nc\u00fc Olmak!<\/h5>\n\n\n\n<h2 class=\"wp-block-gutenverse-heading guten-element guten-DZHhFF animated guten-element-hide desktop-fadeInLeft\">Toplumsal \u0130htiya\u00e7lara Yan\u0131t Veriyoruz\u2026<\/h2>\n\n\n\n<div class=\"guten-element gutenverse-text-editor guten-2UJA1S animated guten-element-hide desktop-fadeInLeft\"><div class=\"text-content-inner\">\n<p>Gelece\u011fe Y\u00f6nelik E\u011fitim ve Ara\u015ft\u0131rmalarda Lider Kurum Olarak s\u00fcrekli ilerlemeyi ve e\u011fitim ile ara\u015ft\u0131rma alanlar\u0131nda lider olmay\u0131 hedefliyoruz.<br><br>E\u011fitim ve ara\u015ft\u0131rma alan\u0131nda s\u00fcrekli geli\u015fim ve m\u00fckemmeliyeti te\u015fvik etmek, toplumun gereksinimlerine cevap veren nitelikli e\u011fitim programlar\u0131 ve ara\u015ft\u0131rmalar sunmakt\u0131r. \u00c7al\u0131\u015fanlar\u0131n bilgi ve becerilerini art\u0131rmalar\u0131na yard\u0131mc\u0131 olunmaktad\u0131r.<br><br>Y\u00fcr\u00fct\u00fclen ara\u015ft\u0131rma projelerini destekliyor ve i\u015f d\u00fcnyas\u0131n\u0131n ihtiya\u00e7lar\u0131na odaklanan ara\u015ft\u0131rmalar\u0131 te\u015fvik ediyoruz. Bilgi ve yenilik odakl\u0131 projeleri geli\u015ftiriyor ve payla\u015f\u0131yoruz.<\/p>\n<\/div><\/div>\n<\/div><\/div><\/div>\n<\/div><\/section><\/div>","protected":false},"excerpt":{"rendered":"","protected":false},"author":1,"featured_media":0,"parent":0,"menu_order":0,"comment_status":"closed","ping_status":"closed","template":"","meta":{"footnotes":""},"class_list":["post-410","page","type-page","status-publish","hentry"],"_links":{"self":[{"href":"https:\/\/emuder.com\/en\/wp-json\/wp\/v2\/pages\/410","targetHints":{"allow":["GET"]}}],"collection":[{"href":"https:\/\/emuder.com\/en\/wp-json\/wp\/v2\/pages"}],"about":[{"href":"https:\/\/emuder.com\/en\/wp-json\/wp\/v2\/types\/page"}],"author":[{"embeddable":true,"href":"https:\/\/emuder.com\/en\/wp-json\/wp\/v2\/users\/1"}],"replies":[{"embeddable":true,"href":"https:\/\/emuder.com\/en\/wp-json\/wp\/v2\/comments?post=410"}],"version-history":[{"count":3,"href":"https:\/\/emuder.com\/en\/wp-json\/wp\/v2\/pages\/410\/revisions"}],"predecessor-version":[{"id":440,"href":"https:\/\/emuder.com\/en\/wp-json\/wp\/v2\/pages\/410\/revisions\/440"}],"wp:attachment":[{"href":"https:\/\/emuder.com\/en\/wp-json\/wp\/v2\/media?parent=410"}],"curies":[{"name":"wp","href":"https:\/\/api.w.org\/{rel}","templated":true}]}}