{"id":56,"date":"2024-05-06T11:42:39","date_gmt":"2024-05-06T11:42:39","guid":{"rendered":"https:\/\/emuder.com\/?page_id=56"},"modified":"2025-01-25T18:57:05","modified_gmt":"2025-01-25T18:57:05","slug":"denetleme-kurulumuz","status":"publish","type":"page","link":"https:\/\/emuder.com\/en\/denetleme-kurulumuz\/","title":{"rendered":"Our Supervisory Board"},"content":{"rendered":"<div class=\"section-wrapper\" data-id=\"jE5fRc\"><section class=\"wp-block-gutenverse-section guten-element guten-section guten-jE5fRc layout-boxed align-stretch\"><div class=\"guten-background-overlay\"><\/div><div class=\"guten-shape-divider guten-shape-divider-top\"><\/div><div class=\"guten-shape-divider guten-shape-divider-bottom\"><\/div><div class=\"guten-container guten-column-gap-no\">\n<div class=\"wp-block-gutenverse-column guten-element guten-column guten-LHoN8d\"><div class=\"guten-background-overlay\"><\/div><div class=\"sticky-wrapper\" data-id=\"LHoN8d\"><div class=\"guten-column-wrapper\">\n<div class=\"section-wrapper\" data-id=\"HhVHZV\"><section class=\"wp-block-gutenverse-section guten-element guten-section guten-HhVHZV layout-boxed align-stretch\"><div class=\"guten-background-overlay\"><\/div><div class=\"guten-shape-divider guten-shape-divider-top\"><\/div><div class=\"guten-shape-divider guten-shape-divider-bottom\"><\/div><div class=\"guten-container guten-column-gap-no\">\n<div class=\"wp-block-gutenverse-column guten-element guten-column guten-be5Fhi\"><div class=\"guten-background-overlay\"><\/div><div class=\"sticky-wrapper\" data-id=\"be5Fhi\"><div class=\"guten-column-wrapper\">\n<h5 class=\"wp-block-gutenverse-heading guten-element guten-qEaVEV animated guten-element-hide desktop-fadeInLeft\">Management<\/h5>\n\n\n\n<h2 class=\"wp-block-gutenverse-heading guten-element guten-OOeia0 animated guten-element-hide desktop-fadeInLeft\"><strong>1st Term Supervisory Board Members<\/strong><\/h2>\n<\/div><\/div><\/div>\n<\/div><\/section><\/div>\n\n\n\n<div class=\"section-wrapper\" data-id=\"GzwQUE\"><section class=\"wp-block-gutenverse-section guten-element guten-section guten-GzwQUE layout-boxed align-stretch\"><div class=\"guten-background-overlay\"><\/div><div class=\"guten-shape-divider guten-shape-divider-top\"><\/div><div class=\"guten-shape-divider guten-shape-divider-bottom\"><\/div><div class=\"guten-container guten-column-gap-wider\">\n<div class=\"wp-block-gutenverse-column guten-element guten-column guten-3yLApx\"><div class=\"guten-background-overlay\"><\/div><div class=\"sticky-wrapper\" data-id=\"3yLApx\"><div class=\"guten-column-wrapper\">\n<div class=\"wp-block-gutenverse-team guten-element guten-team guten-ToRdzV animated guten-element-hide desktop-fadeInUp\"><div class=\"profile-box\"><div class=\"profile-card card-overlay default\"><img decoding=\"async\" src=\"https:\/\/emuder.com\/wp-content\/plugins\/gutenverse\/assets\/img\/img-placeholder.jpg\" alt=\"\"\/><div class=\"profile-body bottom\"><h3 class=\"profile-title\"><\/h3><p class=\"profile-sub\"><\/p><div class=\"socials-wrapper\">\n<div class=\"guten-element guten-social-icons guten-FMoiLJ circle horizontal custom\">\n<div class=\"guten-element guten-social-icon guten-WEc3ZU facebook\"><a id=\"guten-WEc3ZU\" href=\"#\"><i class=\"gtn gtn-facebook-light\"><\/i><span><\/span><\/a><\/div>\n\n\n\n<div class=\"guten-element guten-social-icon guten-ZBNlMM twitter\"><a id=\"guten-ZBNlMM\" href=\"#\"><i class=\"fab fa-twitter\"><\/i><span><\/span><\/a><\/div>\n\n\n\n<div class=\"guten-element guten-social-icon guten-xQyKc3 instagram\"><a id=\"guten-xQyKc3\" href=\"#\"><i class=\"gtn gtn-instagram-1-light\"><\/i><span><\/span><\/a><\/div>\n<\/div>\n<\/div><\/div><\/div><\/div><\/div>\n\n\n\n<div class=\"section-wrapper\" data-id=\"s8HqOx\"><section class=\"wp-block-gutenverse-section guten-element guten-section guten-s8HqOx animated guten-element-hide desktop-fadeInUp layout-boxed align-stretch\"><div class=\"guten-background-overlay\"><\/div><div class=\"guten-shape-divider guten-shape-divider-top\"><\/div><div class=\"guten-shape-divider guten-shape-divider-bottom\"><\/div><div class=\"guten-container guten-column-gap-no\">\n<div class=\"wp-block-gutenverse-column guten-element guten-column guten-dmpIi8\"><div class=\"guten-background-overlay\"><\/div><div class=\"sticky-wrapper\" data-id=\"dmpIi8\"><div class=\"guten-column-wrapper\">\n<div class=\"guten-element gutenverse-text-editor guten-b6tp7g\"><div class=\"text-content-inner\">\n<p>Dr. Duygu KONAY<\/p>\n<\/div><\/div>\n\n\n\n<div class=\"guten-element gutenverse-text-editor guten-L5p8FB\"><div class=\"text-content-inner\">\n<p>Chairman of the Audit Board<\/p>\n\n\n\n<p><a href=\"https:\/\/emuder.com\/en\/blm-uzm-duygu-konay\/\" data-type=\"link\" data-id=\"https:\/\/emuder.com\/blm-uzm-duygu-konay\/\">Curriculum Vitae<\/a><\/p>\n<\/div><\/div>\n<\/div><\/div><\/div>\n<\/div><\/section><\/div>\n<\/div><\/div><\/div>\n\n\n\n<div class=\"wp-block-gutenverse-column guten-element guten-column guten-TddqUl\"><div class=\"guten-background-overlay\"><\/div><div class=\"sticky-wrapper\" data-id=\"TddqUl\"><div class=\"guten-column-wrapper\">\n<div class=\"wp-block-gutenverse-team guten-element guten-team guten-TcGM19 animated guten-element-hide desktop-fadeIn\"><div class=\"profile-box\"><div class=\"profile-card card-overlay default\"><img decoding=\"async\" src=\"https:\/\/emuder.com\/wp-content\/plugins\/gutenverse\/assets\/img\/img-placeholder.jpg\" alt=\"\"\/><div class=\"profile-body bottom\"><h3 class=\"profile-title\"><\/h3><p class=\"profile-sub\"><\/p><div class=\"socials-wrapper\">\n<div class=\"guten-element guten-social-icons guten-DgKbK6 circle horizontal custom\">\n<div class=\"guten-element guten-social-icon guten-6EcT5g facebook\"><a id=\"guten-6EcT5g\" href=\"#\"><i class=\"gtn gtn-facebook-light\"><\/i><span><\/span><\/a><\/div>\n\n\n\n<div class=\"guten-element guten-social-icon guten-hRy1dk twitter\"><a id=\"guten-hRy1dk\" href=\"#\"><i class=\"fab fa-twitter\"><\/i><span><\/span><\/a><\/div>\n\n\n\n<div class=\"guten-element guten-social-icon guten-zDajDh instagram\"><a id=\"guten-zDajDh\" href=\"#\"><i class=\"gtn gtn-instagram-1-light\"><\/i><span><\/span><\/a><\/div>\n<\/div>\n<\/div><\/div><\/div><\/div><\/div>\n\n\n\n<div class=\"section-wrapper\" data-id=\"3tmMZS\"><section class=\"wp-block-gutenverse-section guten-element guten-section guten-3tmMZS animated guten-element-hide desktop-fadeInUp layout-boxed align-stretch\"><div class=\"guten-background-overlay\"><\/div><div class=\"guten-shape-divider guten-shape-divider-top\"><\/div><div class=\"guten-shape-divider guten-shape-divider-bottom\"><\/div><div class=\"guten-container guten-column-gap-no\">\n<div class=\"wp-block-gutenverse-column guten-element guten-column guten-DLWLl5\"><div class=\"guten-background-overlay\"><\/div><div class=\"sticky-wrapper\" data-id=\"DLWLl5\"><div class=\"guten-column-wrapper\">\n<div class=\"guten-element gutenverse-text-editor guten-7WFwhH\"><div class=\"text-content-inner\">\n<p>Dr. Bar\u0131\u015f \u00c7AVU\u015e<\/p>\n<\/div><\/div>\n\n\n\n<div class=\"guten-element gutenverse-text-editor guten-XRqF0M\"><div class=\"text-content-inner\">\n<p>Member of the Audit Board<\/p>\n\n\n\n<p><a href=\"https:\/\/emuder.com\/en\/dr-baris-cavus\/\" data-type=\"page\" data-id=\"159\">Curriculum Vitae<\/a><\/p>\n<\/div><\/div>\n<\/div><\/div><\/div>\n<\/div><\/section><\/div>\n<\/div><\/div><\/div>\n\n\n\n<div class=\"wp-block-gutenverse-column guten-element guten-column guten-FW1TZo\"><div class=\"guten-background-overlay\"><\/div><div class=\"sticky-wrapper\" data-id=\"FW1TZo\"><div class=\"guten-column-wrapper\">\n<div class=\"wp-block-gutenverse-team guten-element guten-team guten-0vBodT animated guten-element-hide desktop-fadeIn\"><div class=\"profile-box\"><div class=\"profile-card card-overlay default\"><img decoding=\"async\" src=\"https:\/\/emuder.com\/wp-content\/plugins\/gutenverse\/assets\/img\/img-placeholder.jpg\" alt=\"\"\/><div class=\"profile-body bottom\"><h3 class=\"profile-title\"><\/h3><p class=\"profile-sub\"><\/p><div class=\"socials-wrapper\">\n<div class=\"guten-element guten-social-icons guten-evBxV0 circle horizontal custom\">\n<div class=\"guten-element guten-social-icon guten-jGGsEa facebook\"><a id=\"guten-jGGsEa\" href=\"#\"><i class=\"gtn gtn-facebook-light\"><\/i><span><\/span><\/a><\/div>\n\n\n\n<div class=\"guten-element guten-social-icon guten-ad3FEd twitter\"><a id=\"guten-ad3FEd\" href=\"#\"><i class=\"fab fa-twitter\"><\/i><span><\/span><\/a><\/div>\n\n\n\n<div class=\"guten-element guten-social-icon guten-bSKRdT instagram\"><a id=\"guten-bSKRdT\" href=\"#\"><i class=\"gtn gtn-instagram-1-light\"><\/i><span><\/span><\/a><\/div>\n<\/div>\n<\/div><\/div><\/div><\/div><\/div>\n\n\n\n<div class=\"section-wrapper\" data-id=\"Yacrzm\"><section class=\"wp-block-gutenverse-section guten-element guten-section guten-Yacrzm animated guten-element-hide desktop-fadeInUp layout-boxed align-stretch\"><div class=\"guten-background-overlay\"><\/div><div class=\"guten-shape-divider guten-shape-divider-top\"><\/div><div class=\"guten-shape-divider guten-shape-divider-bottom\"><\/div><div class=\"guten-container guten-column-gap-no\">\n<div class=\"wp-block-gutenverse-column guten-element guten-column guten-MOYGBK\"><div class=\"guten-background-overlay\"><\/div><div class=\"sticky-wrapper\" data-id=\"MOYGBK\"><div class=\"guten-column-wrapper\">\n<div class=\"guten-element gutenverse-text-editor guten-vS9e4X\"><div class=\"text-content-inner\">\n<p>Dr. Berkay \u00c7EL\u0130K<\/p>\n<\/div><\/div>\n\n\n\n<div class=\"guten-element gutenverse-text-editor guten-vBx2Sy\"><div class=\"text-content-inner\">\n<p>Member of the Audit Board<\/p>\n\n\n\n<p><a href=\"https:\/\/emuder.com\/en\/dr-berkay-celik\/\" data-type=\"page\" data-id=\"159\">Curriculum Vitae<\/a><\/p>\n<\/div><\/div>\n<\/div><\/div><\/div>\n<\/div><\/section><\/div>\n<\/div><\/div><\/div>\n\n\n\n<div class=\"wp-block-gutenverse-column guten-element guten-column guten-2r5oGi\"><div class=\"guten-background-overlay\"><\/div><div class=\"sticky-wrapper\" data-id=\"2r5oGi\"><div class=\"guten-column-wrapper\">\n<p><\/p>\n\n\n\n<p><\/p>\n<\/div><\/div><\/div>\n<\/div><\/section><\/div>\n<\/div><\/div><\/div>\n<\/div><\/section><\/div>\n\n\n\n<div class=\"section-wrapper\" data-id=\"VSN0w1\"><section class=\"wp-block-gutenverse-section guten-element guten-section guten-VSN0w1 layout-boxed align-stretch\"><div class=\"guten-background-overlay\"><\/div><div class=\"guten-shape-divider guten-shape-divider-top\"><\/div><div class=\"guten-shape-divider guten-shape-divider-bottom\"><\/div><div class=\"guten-container guten-column-gap-no\">\n<div class=\"wp-block-gutenverse-column guten-element guten-column guten-PrMPWz\"><div class=\"guten-background-overlay\"><\/div><div class=\"sticky-wrapper\" data-id=\"PrMPWz\"><div class=\"guten-column-wrapper\">\n<div class=\"section-wrapper\" data-id=\"FYUFws\"><section class=\"wp-block-gutenverse-section guten-element guten-section guten-FYUFws layout-boxed align-stretch\"><div class=\"guten-background-overlay\"><\/div><div class=\"guten-shape-divider guten-shape-divider-top\"><\/div><div class=\"guten-shape-divider guten-shape-divider-bottom\"><\/div><div class=\"guten-container guten-column-gap-no\">\n<div class=\"wp-block-gutenverse-column guten-element guten-column guten-5s5p3H\"><div class=\"guten-background-overlay\"><\/div><div class=\"sticky-wrapper\" data-id=\"5s5p3H\"><div class=\"guten-column-wrapper\">\n<h5 class=\"wp-block-gutenverse-heading guten-element guten-9fu6gS animated guten-element-hide desktop-fadeInLeft\">Management<\/h5>\n\n\n\n<h2 class=\"wp-block-gutenverse-heading guten-element guten-I6D3xc animated guten-element-hide desktop-fadeInLeft\"><strong>1st Term Auditing Board Alternate Members<\/strong><\/h2>\n<\/div><\/div><\/div>\n<\/div><\/section><\/div>\n\n\n\n<div class=\"section-wrapper\" data-id=\"bNYbyJ\"><section class=\"wp-block-gutenverse-section guten-element guten-section guten-bNYbyJ layout-boxed align-stretch\"><div class=\"guten-background-overlay\"><\/div><div class=\"guten-shape-divider guten-shape-divider-top\"><\/div><div class=\"guten-shape-divider guten-shape-divider-bottom\"><\/div><div class=\"guten-container guten-column-gap-wider\">\n<div class=\"wp-block-gutenverse-column guten-element guten-column guten-0WYNd9\"><div class=\"guten-background-overlay\"><\/div><div class=\"sticky-wrapper\" data-id=\"0WYNd9\"><div class=\"guten-column-wrapper\">\n<div class=\"wp-block-gutenverse-team guten-element guten-team guten-Am2UU1 animated guten-element-hide desktop-fadeInUp\"><div class=\"profile-box\"><div class=\"profile-card card-overlay default\"><img decoding=\"async\" src=\"https:\/\/emuder.com\/wp-content\/plugins\/gutenverse\/assets\/img\/img-placeholder.jpg\" alt=\"\"\/><div class=\"profile-body bottom\"><h3 class=\"profile-title\"><\/h3><p class=\"profile-sub\"><\/p><div class=\"socials-wrapper\">\n<div class=\"guten-element guten-social-icons guten-SM0Cyf circle horizontal custom\">\n<div class=\"guten-element guten-social-icon guten-SE3Jaa facebook\"><a id=\"guten-SE3Jaa\" href=\"#\"><i class=\"gtn gtn-facebook-light\"><\/i><span><\/span><\/a><\/div>\n\n\n\n<div class=\"guten-element guten-social-icon guten-lGROTA twitter\"><a id=\"guten-lGROTA\" href=\"#\"><i class=\"fab fa-twitter\"><\/i><span><\/span><\/a><\/div>\n\n\n\n<div class=\"guten-element guten-social-icon guten-fz96Qv instagram\"><a id=\"guten-fz96Qv\" href=\"#\"><i class=\"gtn gtn-instagram-1-light\"><\/i><span><\/span><\/a><\/div>\n<\/div>\n<\/div><\/div><\/div><\/div><\/div>\n\n\n\n<div class=\"section-wrapper\" data-id=\"1FtpyK\"><section class=\"wp-block-gutenverse-section guten-element guten-section guten-1FtpyK animated guten-element-hide desktop-fadeInUp layout-boxed align-stretch\"><div class=\"guten-background-overlay\"><\/div><div class=\"guten-shape-divider guten-shape-divider-top\"><\/div><div class=\"guten-shape-divider guten-shape-divider-bottom\"><\/div><div class=\"guten-container guten-column-gap-no\">\n<div class=\"wp-block-gutenverse-column guten-element guten-column guten-BSvcqZ\"><div class=\"guten-background-overlay\"><\/div><div class=\"sticky-wrapper\" data-id=\"BSvcqZ\"><div class=\"guten-column-wrapper\">\n<div class=\"guten-element gutenverse-text-editor guten-cdZ7IG\"><div class=\"text-content-inner\">\n<p>Dr. Yusuf G\u0130D\u0130\u015e <\/p>\n<\/div><\/div>\n\n\n\n<div class=\"guten-element gutenverse-text-editor guten-mhhnX9\"><div class=\"text-content-inner\">\n<p>Audit Board Alternate Member<\/p>\n\n\n\n<p><a href=\"https:\/\/emuder.com\/en\/ogr-yusuf-gidis\/\" data-type=\"page\" data-id=\"159\">Curriculum Vitae<\/a><\/p>\n<\/div><\/div>\n<\/div><\/div><\/div>\n<\/div><\/section><\/div>\n<\/div><\/div><\/div>\n\n\n\n<div class=\"wp-block-gutenverse-column guten-element guten-column guten-T3cLnP\"><div class=\"guten-background-overlay\"><\/div><div class=\"sticky-wrapper\" data-id=\"T3cLnP\"><div class=\"guten-column-wrapper\">\n<div class=\"wp-block-gutenverse-team guten-element guten-team guten-yKt02i animated guten-element-hide desktop-fadeIn\"><div class=\"profile-box\"><div class=\"profile-card card-overlay default\"><img decoding=\"async\" src=\"https:\/\/emuder.com\/wp-content\/plugins\/gutenverse\/assets\/img\/img-placeholder.jpg\" alt=\"\"\/><div class=\"profile-body bottom\"><h3 class=\"profile-title\"><\/h3><p class=\"profile-sub\"><\/p><div class=\"socials-wrapper\">\n<div class=\"guten-element guten-social-icons guten-2qPUiZ circle horizontal custom\">\n<div class=\"guten-element guten-social-icon guten-S6EPe0 facebook\"><a id=\"guten-S6EPe0\" href=\"#\"><i class=\"gtn gtn-facebook-light\"><\/i><span><\/span><\/a><\/div>\n\n\n\n<div class=\"guten-element guten-social-icon guten-RiPLMC twitter\"><a id=\"guten-RiPLMC\" href=\"#\"><i class=\"fab fa-twitter\"><\/i><span><\/span><\/a><\/div>\n\n\n\n<div class=\"guten-element guten-social-icon guten-MYLNf7 instagram\"><a id=\"guten-MYLNf7\" href=\"#\"><i class=\"gtn gtn-instagram-1-light\"><\/i><span><\/span><\/a><\/div>\n<\/div>\n<\/div><\/div><\/div><\/div><\/div>\n\n\n\n<div class=\"section-wrapper\" data-id=\"pC2KZ3\"><section class=\"wp-block-gutenverse-section guten-element guten-section guten-pC2KZ3 animated guten-element-hide desktop-fadeInUp layout-boxed align-stretch\"><div class=\"guten-background-overlay\"><\/div><div class=\"guten-shape-divider guten-shape-divider-top\"><\/div><div class=\"guten-shape-divider guten-shape-divider-bottom\"><\/div><div class=\"guten-container guten-column-gap-no\">\n<div class=\"wp-block-gutenverse-column guten-element guten-column guten-G7GsIo\"><div class=\"guten-background-overlay\"><\/div><div class=\"sticky-wrapper\" data-id=\"G7GsIo\"><div class=\"guten-column-wrapper\">\n<div class=\"guten-element gutenverse-text-editor guten-Es7xfd\"><div class=\"text-content-inner\">\n<p>Dr. Burcu AKKAYA<\/p>\n<\/div><\/div>\n\n\n\n<div class=\"guten-element gutenverse-text-editor guten-ZclyTc\"><div class=\"text-content-inner\">\n<p>Audit Board Alternate Member<\/p>\n\n\n\n<p><a href=\"https:\/\/emuder.com\/en\/dr-burcu-akkaya\/\" data-type=\"page\" data-id=\"159\">Curriculum Vitae<\/a><\/p>\n<\/div><\/div>\n<\/div><\/div><\/div>\n<\/div><\/section><\/div>\n<\/div><\/div><\/div>\n\n\n\n<div class=\"wp-block-gutenverse-column guten-element guten-column guten-8Qpvqy\"><div class=\"guten-background-overlay\"><\/div><div class=\"sticky-wrapper\" data-id=\"8Qpvqy\"><div class=\"guten-column-wrapper\">\n<div class=\"wp-block-gutenverse-team guten-element guten-team guten-VoX0rh animated guten-element-hide desktop-fadeIn\"><div class=\"profile-box\"><div class=\"profile-card card-overlay default\"><img decoding=\"async\" src=\"https:\/\/emuder.com\/wp-content\/plugins\/gutenverse\/assets\/img\/img-placeholder.jpg\" alt=\"\"\/><div class=\"profile-body bottom\"><h3 class=\"profile-title\"><\/h3><p class=\"profile-sub\"><\/p><div class=\"socials-wrapper\">\n<div class=\"guten-element guten-social-icons guten-kG13wi circle horizontal custom\">\n<div class=\"guten-element guten-social-icon guten-5GTOfz facebook\"><a id=\"guten-5GTOfz\" href=\"#\"><i class=\"gtn gtn-facebook-light\"><\/i><span><\/span><\/a><\/div>\n\n\n\n<div class=\"guten-element guten-social-icon guten-MCGP1C twitter\"><a id=\"guten-MCGP1C\" href=\"#\"><i class=\"fab fa-twitter\"><\/i><span><\/span><\/a><\/div>\n\n\n\n<div class=\"guten-element guten-social-icon guten-aHyspo instagram\"><a id=\"guten-aHyspo\" href=\"#\"><i class=\"gtn gtn-instagram-1-light\"><\/i><span><\/span><\/a><\/div>\n<\/div>\n<\/div><\/div><\/div><\/div><\/div>\n\n\n\n<div class=\"section-wrapper\" data-id=\"KKUB06\"><section class=\"wp-block-gutenverse-section guten-element guten-section guten-KKUB06 animated guten-element-hide desktop-fadeInUp layout-boxed align-stretch\"><div class=\"guten-background-overlay\"><\/div><div class=\"guten-shape-divider guten-shape-divider-top\"><\/div><div class=\"guten-shape-divider guten-shape-divider-bottom\"><\/div><div class=\"guten-container guten-column-gap-no\">\n<div class=\"wp-block-gutenverse-column guten-element guten-column guten-o3LCOb\"><div class=\"guten-background-overlay\"><\/div><div class=\"sticky-wrapper\" data-id=\"o3LCOb\"><div class=\"guten-column-wrapper\">\n<div class=\"guten-element gutenverse-text-editor guten-4l4q4j\"><div class=\"text-content-inner\">\n<p>Blm.Uzm.Kadriye \u00c7ET\u0130N<\/p>\n<\/div><\/div>\n\n\n\n<div class=\"guten-element gutenverse-text-editor guten-ikjfZ7\"><div class=\"text-content-inner\">\n<p>Audit Board Alternate Member<\/p>\n\n\n\n<p><a href=\"https:\/\/emuder.com\/en\/blm-uzm-kadriye-cetin\/\" data-type=\"page\" data-id=\"159\">Curriculum Vitae<\/a><\/p>\n<\/div><\/div>\n<\/div><\/div><\/div>\n<\/div><\/section><\/div>\n<\/div><\/div><\/div>\n\n\n\n<div class=\"wp-block-gutenverse-column guten-element guten-column guten-rzgv6m\"><div class=\"guten-background-overlay\"><\/div><div class=\"sticky-wrapper\" data-id=\"rzgv6m\"><div class=\"guten-column-wrapper\">\n<p><\/p>\n<\/div><\/div><\/div>\n<\/div><\/section><\/div>\n<\/div><\/div><\/div>\n<\/div><\/section><\/div>\n\n\n\n<p><\/p>","protected":false},"excerpt":{"rendered":"","protected":false},"author":1,"featured_media":0,"parent":0,"menu_order":0,"comment_status":"closed","ping_status":"open","template":"","meta":{"footnotes":""},"class_list":["post-56","page","type-page","status-publish","hentry"],"_links":{"self":[{"href":"https:\/\/emuder.com\/en\/wp-json\/wp\/v2\/pages\/56","targetHints":{"allow":["GET"]}}],"collection":[{"href":"https:\/\/emuder.com\/en\/wp-json\/wp\/v2\/pages"}],"about":[{"href":"https:\/\/emuder.com\/en\/wp-json\/wp\/v2\/types\/page"}],"author":[{"embeddable":true,"href":"https:\/\/emuder.com\/en\/wp-json\/wp\/v2\/users\/1"}],"replies":[{"embeddable":true,"href":"https:\/\/emuder.com\/en\/wp-json\/wp\/v2\/comments?post=56"}],"version-history":[{"count":12,"href":"https:\/\/emuder.com\/en\/wp-json\/wp\/v2\/pages\/56\/revisions"}],"predecessor-version":[{"id":599,"href":"https:\/\/emuder.com\/en\/wp-json\/wp\/v2\/pages\/56\/revisions\/599"}],"wp:attachment":[{"href":"https:\/\/emuder.com\/en\/wp-json\/wp\/v2\/media?parent=56"}],"curies":[{"name":"wp","href":"https:\/\/api.w.org\/{rel}","templated":true}]}}