{"id":60,"date":"2024-05-06T11:43:50","date_gmt":"2024-05-06T11:43:50","guid":{"rendered":"https:\/\/emuder.com\/?page_id=60"},"modified":"2025-01-25T18:35:50","modified_gmt":"2025-01-25T18:35:50","slug":"egitim-planlama-kurulumuz","status":"publish","type":"page","link":"https:\/\/emuder.com\/en\/egitim-planlama-kurulumuz\/","title":{"rendered":"Our Education Planning Committee"},"content":{"rendered":"<div class=\"section-wrapper\" data-id=\"jE5fRc\"><section class=\"wp-block-gutenverse-section guten-element guten-section guten-jE5fRc layout-boxed align-stretch\"><div class=\"guten-background-overlay\"><\/div><div class=\"guten-shape-divider guten-shape-divider-top\"><\/div><div class=\"guten-shape-divider guten-shape-divider-bottom\"><\/div><div class=\"guten-container guten-column-gap-no\">\n<div class=\"wp-block-gutenverse-column guten-element guten-column guten-LHoN8d\"><div class=\"guten-background-overlay\"><\/div><div class=\"sticky-wrapper\" data-id=\"LHoN8d\"><div class=\"guten-column-wrapper\">\n<div class=\"section-wrapper\" data-id=\"HhVHZV\"><section class=\"wp-block-gutenverse-section guten-element guten-section guten-HhVHZV layout-boxed align-stretch\"><div class=\"guten-background-overlay\"><\/div><div class=\"guten-shape-divider guten-shape-divider-top\"><\/div><div class=\"guten-shape-divider guten-shape-divider-bottom\"><\/div><div class=\"guten-container guten-column-gap-no\">\n<div class=\"wp-block-gutenverse-column guten-element guten-column guten-be5Fhi\"><div class=\"guten-background-overlay\"><\/div><div class=\"sticky-wrapper\" data-id=\"be5Fhi\"><div class=\"guten-column-wrapper\">\n<h5 class=\"wp-block-gutenverse-heading guten-element guten-qEaVEV animated guten-element-hide desktop-fadeInLeft\">Management<\/h5>\n\n\n\n<h2 class=\"wp-block-gutenverse-heading guten-element guten-OOeia0 animated guten-element-hide desktop-fadeInLeft\"><strong>1st Term Education Planning Committee Members<\/strong><\/h2>\n<\/div><\/div><\/div>\n<\/div><\/section><\/div>\n\n\n\n<div class=\"section-wrapper\" data-id=\"GzwQUE\"><section class=\"wp-block-gutenverse-section guten-element guten-section guten-GzwQUE layout-boxed align-stretch\"><div class=\"guten-background-overlay\"><\/div><div class=\"guten-shape-divider guten-shape-divider-top\"><\/div><div class=\"guten-shape-divider guten-shape-divider-bottom\"><\/div><div class=\"guten-container guten-column-gap-wider\">\n<div class=\"wp-block-gutenverse-column guten-element guten-column guten-3yLApx\"><div class=\"guten-background-overlay\"><\/div><div class=\"sticky-wrapper\" data-id=\"3yLApx\"><div class=\"guten-column-wrapper\">\n<div class=\"wp-block-gutenverse-team guten-element guten-team guten-ToRdzV animated guten-element-hide desktop-fadeInUp\"><div class=\"profile-box\"><div class=\"profile-card card-overlay default\"><img decoding=\"async\" src=\"https:\/\/emuder.com\/wp-content\/plugins\/gutenverse\/assets\/img\/img-placeholder.jpg\" alt=\"\"\/><div class=\"profile-body bottom\"><h3 class=\"profile-title\"><\/h3><p class=\"profile-sub\"><\/p><div class=\"socials-wrapper\">\n<div class=\"guten-element guten-social-icons guten-FMoiLJ circle horizontal custom\">\n<div class=\"guten-element guten-social-icon guten-WEc3ZU facebook\"><a id=\"guten-WEc3ZU\" href=\"#\"><i class=\"gtn gtn-facebook-light\"><\/i><span><\/span><\/a><\/div>\n\n\n\n<div class=\"guten-element guten-social-icon guten-ZBNlMM twitter\"><a id=\"guten-ZBNlMM\" href=\"#\"><i class=\"fab fa-twitter\"><\/i><span><\/span><\/a><\/div>\n\n\n\n<div class=\"guten-element guten-social-icon guten-xQyKc3 instagram\"><a id=\"guten-xQyKc3\" href=\"#\"><i class=\"gtn gtn-instagram-1-light\"><\/i><span><\/span><\/a><\/div>\n<\/div>\n<\/div><\/div><\/div><\/div><\/div>\n\n\n\n<div class=\"section-wrapper\" data-id=\"s8HqOx\"><section class=\"wp-block-gutenverse-section guten-element guten-section guten-s8HqOx animated guten-element-hide desktop-fadeInUp layout-boxed align-stretch\"><div class=\"guten-background-overlay\"><\/div><div class=\"guten-shape-divider guten-shape-divider-top\"><\/div><div class=\"guten-shape-divider guten-shape-divider-bottom\"><\/div><div class=\"guten-container guten-column-gap-no\">\n<div class=\"wp-block-gutenverse-column guten-element guten-column guten-dmpIi8\"><div class=\"guten-background-overlay\"><\/div><div class=\"sticky-wrapper\" data-id=\"dmpIi8\"><div class=\"guten-column-wrapper\">\n<div class=\"guten-element gutenverse-text-editor guten-b6tp7g\"><div class=\"text-content-inner\">\n<p>Dr. Bilgen KIRAL<\/p>\n<\/div><\/div>\n\n\n\n<div class=\"guten-element gutenverse-text-editor guten-L5p8FB\"><div class=\"text-content-inner\">\n<p>Chairman of the Education Planning Committee<\/p>\n\n\n\n<p><a href=\"https:\/\/emuder.com\/en\/dr-bilgen-kiral\/\" data-type=\"page\" data-id=\"89\">Curriculum Vitae<\/a><\/p>\n<\/div><\/div>\n<\/div><\/div><\/div>\n<\/div><\/section><\/div>\n<\/div><\/div><\/div>\n\n\n\n<div class=\"wp-block-gutenverse-column guten-element guten-column guten-TddqUl\"><div class=\"guten-background-overlay\"><\/div><div class=\"sticky-wrapper\" data-id=\"TddqUl\"><div class=\"guten-column-wrapper\">\n<div class=\"wp-block-gutenverse-team guten-element guten-team guten-TcGM19 animated guten-element-hide desktop-fadeIn\"><div class=\"profile-box\"><div class=\"profile-card card-overlay default\"><img decoding=\"async\" src=\"https:\/\/emuder.com\/wp-content\/plugins\/gutenverse\/assets\/img\/img-placeholder.jpg\" alt=\"\"\/><div class=\"profile-body bottom\"><h3 class=\"profile-title\"><\/h3><p class=\"profile-sub\"><\/p><div class=\"socials-wrapper\">\n<div class=\"guten-element guten-social-icons guten-DgKbK6 circle horizontal custom\">\n<div class=\"guten-element guten-social-icon guten-6EcT5g facebook\"><a id=\"guten-6EcT5g\" href=\"#\"><i class=\"gtn gtn-facebook-light\"><\/i><span><\/span><\/a><\/div>\n\n\n\n<div class=\"guten-element guten-social-icon guten-hRy1dk twitter\"><a id=\"guten-hRy1dk\" href=\"#\"><i class=\"fab fa-twitter\"><\/i><span><\/span><\/a><\/div>\n\n\n\n<div class=\"guten-element guten-social-icon guten-zDajDh instagram\"><a id=\"guten-zDajDh\" href=\"#\"><i class=\"gtn gtn-instagram-1-light\"><\/i><span><\/span><\/a><\/div>\n<\/div>\n<\/div><\/div><\/div><\/div><\/div>\n\n\n\n<div class=\"section-wrapper\" data-id=\"3tmMZS\"><section class=\"wp-block-gutenverse-section guten-element guten-section guten-3tmMZS animated guten-element-hide desktop-fadeInUp layout-boxed align-stretch\"><div class=\"guten-background-overlay\"><\/div><div class=\"guten-shape-divider guten-shape-divider-top\"><\/div><div class=\"guten-shape-divider guten-shape-divider-bottom\"><\/div><div class=\"guten-container guten-column-gap-no\">\n<div class=\"wp-block-gutenverse-column guten-element guten-column guten-DLWLl5\"><div class=\"guten-background-overlay\"><\/div><div class=\"sticky-wrapper\" data-id=\"DLWLl5\"><div class=\"guten-column-wrapper\">\n<div class=\"guten-element gutenverse-text-editor guten-7WFwhH\"><div class=\"text-content-inner\">\n<p>Dr. Davut ELMACI<\/p>\n<\/div><\/div>\n\n\n\n<div class=\"guten-element gutenverse-text-editor guten-XRqF0M\"><div class=\"text-content-inner\">\n<p>Substitute Member of Education Planning Board<\/p>\n\n\n\n<p><a href=\"https:\/\/emuder.com\/en\/dr-davut-elmaci\/\" data-type=\"page\" data-id=\"82\">Curriculum Vitae<\/a><\/p>\n<\/div><\/div>\n<\/div><\/div><\/div>\n<\/div><\/section><\/div>\n<\/div><\/div><\/div>\n\n\n\n<div class=\"wp-block-gutenverse-column guten-element guten-column guten-2r5oGi\"><div class=\"guten-background-overlay\"><\/div><div class=\"sticky-wrapper\" data-id=\"2r5oGi\"><div class=\"guten-column-wrapper\">\n<div class=\"wp-block-gutenverse-team guten-element guten-team guten-lppn2X animated guten-element-hide desktop-fadeIn\"><div class=\"profile-box\"><div class=\"profile-card card-overlay default\"><img decoding=\"async\" src=\"https:\/\/emuder.com\/wp-content\/plugins\/gutenverse\/assets\/img\/img-placeholder.jpg\" alt=\"\"\/><div class=\"profile-body bottom\"><h3 class=\"profile-title\"><\/h3><p class=\"profile-sub\"><\/p><div class=\"socials-wrapper\">\n<div class=\"guten-element guten-social-icons guten-OUJ32p circle horizontal custom\">\n<div class=\"guten-element guten-social-icon guten-MUQOhz facebook\"><a id=\"guten-MUQOhz\" href=\"#\"><i class=\"gtn gtn-facebook-light\"><\/i><span><\/span><\/a><\/div>\n\n\n\n<div class=\"guten-element guten-social-icon guten-YPWESf twitter\"><a id=\"guten-YPWESf\" href=\"#\"><i class=\"fab fa-twitter\"><\/i><span><\/span><\/a><\/div>\n\n\n\n<div class=\"guten-element guten-social-icon guten-KOaztA instagram\"><a id=\"guten-KOaztA\" href=\"#\"><i class=\"gtn gtn-instagram-1-light\"><\/i><span><\/span><\/a><\/div>\n<\/div>\n<\/div><\/div><\/div><\/div><\/div>\n\n\n\n<div class=\"section-wrapper\" data-id=\"60J3NA\"><section class=\"wp-block-gutenverse-section guten-element guten-section guten-60J3NA animated guten-element-hide desktop-fadeInUp layout-boxed align-stretch\"><div class=\"guten-background-overlay\"><\/div><div class=\"guten-shape-divider guten-shape-divider-top\"><\/div><div class=\"guten-shape-divider guten-shape-divider-bottom\"><\/div><div class=\"guten-container guten-column-gap-no\">\n<div class=\"wp-block-gutenverse-column guten-element guten-column guten-QvVZyN\"><div class=\"guten-background-overlay\"><\/div><div class=\"sticky-wrapper\" data-id=\"QvVZyN\"><div class=\"guten-column-wrapper\">\n<div class=\"guten-element gutenverse-text-editor guten-gM5WsG\"><div class=\"text-content-inner\">\n<p>Dr. \u0130nci \u00d6ZT\u00dcRK ERKO\u00c7AK<\/p>\n<\/div><\/div>\n\n\n\n<div class=\"guten-element gutenverse-text-editor guten-1xcVtT\"><div class=\"text-content-inner\">\n<p>Member of the Board of Directors<\/p>\n\n\n\n<p><a href=\"https:\/\/emuder.com\/en\/dr-inci-ozturk\/\" data-type=\"page\" data-id=\"193\">Curriculum Vitae<\/a><\/p>\n<\/div><\/div>\n<\/div><\/div><\/div>\n<\/div><\/section><\/div>\n<\/div><\/div><\/div>\n<\/div><\/section><\/div>\n<\/div><\/div><\/div>\n<\/div><\/section><\/div>\n\n\n\n<div class=\"section-wrapper\" data-id=\"VSN0w1\"><section class=\"wp-block-gutenverse-section guten-element guten-section guten-VSN0w1 layout-boxed align-stretch\"><div class=\"guten-background-overlay\"><\/div><div class=\"guten-shape-divider guten-shape-divider-top\"><\/div><div class=\"guten-shape-divider guten-shape-divider-bottom\"><\/div><div class=\"guten-container guten-column-gap-no\">\n<div class=\"wp-block-gutenverse-column guten-element guten-column guten-PrMPWz\"><div class=\"guten-background-overlay\"><\/div><div class=\"sticky-wrapper\" data-id=\"PrMPWz\"><div class=\"guten-column-wrapper\">\n<div class=\"section-wrapper\" data-id=\"FYUFws\"><section class=\"wp-block-gutenverse-section guten-element guten-section guten-FYUFws layout-boxed align-stretch\"><div class=\"guten-background-overlay\"><\/div><div class=\"guten-shape-divider guten-shape-divider-top\"><\/div><div class=\"guten-shape-divider guten-shape-divider-bottom\"><\/div><div class=\"guten-container guten-column-gap-no\">\n<div class=\"wp-block-gutenverse-column guten-element guten-column guten-5s5p3H\"><div class=\"guten-background-overlay\"><\/div><div class=\"sticky-wrapper\" data-id=\"5s5p3H\"><div class=\"guten-column-wrapper\">\n<h5 class=\"wp-block-gutenverse-heading guten-element guten-9fu6gS animated guten-element-hide desktop-fadeInLeft\">Management<\/h5>\n\n\n\n<h2 class=\"wp-block-gutenverse-heading guten-element guten-I6D3xc animated guten-element-hide desktop-fadeInLeft\"><strong>1st Term Education Planning Committee Substitute Members<\/strong><\/h2>\n<\/div><\/div><\/div>\n<\/div><\/section><\/div>\n\n\n\n<div class=\"section-wrapper\" data-id=\"bNYbyJ\"><section class=\"wp-block-gutenverse-section guten-element guten-section guten-bNYbyJ layout-boxed align-stretch\"><div class=\"guten-background-overlay\"><\/div><div class=\"guten-shape-divider guten-shape-divider-top\"><\/div><div class=\"guten-shape-divider guten-shape-divider-bottom\"><\/div><div class=\"guten-container guten-column-gap-wider\">\n<div class=\"wp-block-gutenverse-column guten-element guten-column guten-0WYNd9\"><div class=\"guten-background-overlay\"><\/div><div class=\"sticky-wrapper\" data-id=\"0WYNd9\"><div class=\"guten-column-wrapper\">\n<div class=\"wp-block-gutenverse-team guten-element guten-team guten-Am2UU1 animated guten-element-hide desktop-fadeInUp\"><div class=\"profile-box\"><div class=\"profile-card card-overlay default\"><img decoding=\"async\" src=\"https:\/\/emuder.com\/wp-content\/plugins\/gutenverse\/assets\/img\/img-placeholder.jpg\" alt=\"\"\/><div class=\"profile-body bottom\"><h3 class=\"profile-title\"><\/h3><p class=\"profile-sub\"><\/p><div class=\"socials-wrapper\">\n<div class=\"guten-element guten-social-icons guten-SM0Cyf circle horizontal custom\">\n<div class=\"guten-element guten-social-icon guten-SE3Jaa facebook\"><a id=\"guten-SE3Jaa\" href=\"#\"><i class=\"gtn gtn-facebook-light\"><\/i><span><\/span><\/a><\/div>\n\n\n\n<div class=\"guten-element guten-social-icon guten-lGROTA twitter\"><a id=\"guten-lGROTA\" href=\"#\"><i class=\"fab fa-twitter\"><\/i><span><\/span><\/a><\/div>\n\n\n\n<div class=\"guten-element guten-social-icon guten-fz96Qv instagram\"><a id=\"guten-fz96Qv\" href=\"#\"><i class=\"gtn gtn-instagram-1-light\"><\/i><span><\/span><\/a><\/div>\n<\/div>\n<\/div><\/div><\/div><\/div><\/div>\n\n\n\n<div class=\"section-wrapper\" data-id=\"1FtpyK\"><section class=\"wp-block-gutenverse-section guten-element guten-section guten-1FtpyK animated guten-element-hide desktop-fadeInUp layout-boxed align-stretch\"><div class=\"guten-background-overlay\"><\/div><div class=\"guten-shape-divider guten-shape-divider-top\"><\/div><div class=\"guten-shape-divider guten-shape-divider-bottom\"><\/div><div class=\"guten-container guten-column-gap-no\">\n<div class=\"wp-block-gutenverse-column guten-element guten-column guten-BSvcqZ\"><div class=\"guten-background-overlay\"><\/div><div class=\"sticky-wrapper\" data-id=\"BSvcqZ\"><div class=\"guten-column-wrapper\">\n<div class=\"guten-element gutenverse-text-editor guten-cdZ7IG\"><div class=\"text-content-inner\">\n<p>Dr. Burcu AKKAYA<\/p>\n<\/div><\/div>\n\n\n\n<div class=\"guten-element gutenverse-text-editor guten-mhhnX9\"><div class=\"text-content-inner\">\n<p>Substitute Member of Education Planning Board<\/p>\n\n\n\n<p><a href=\"https:\/\/emuder.com\/en\/dr-burcu-akkaya\/\" data-type=\"page\" data-id=\"88\">Curriculum Vitae<\/a><\/p>\n<\/div><\/div>\n<\/div><\/div><\/div>\n<\/div><\/section><\/div>\n<\/div><\/div><\/div>\n\n\n\n<div class=\"wp-block-gutenverse-column guten-element guten-column guten-T3cLnP\"><div class=\"guten-background-overlay\"><\/div><div class=\"sticky-wrapper\" data-id=\"T3cLnP\"><div class=\"guten-column-wrapper\">\n<div class=\"wp-block-gutenverse-team guten-element guten-team guten-yKt02i animated guten-element-hide desktop-fadeIn\"><div class=\"profile-box\"><div class=\"profile-card card-overlay default\"><img decoding=\"async\" src=\"https:\/\/emuder.com\/wp-content\/plugins\/gutenverse\/assets\/img\/img-placeholder.jpg\" alt=\"\"\/><div class=\"profile-body bottom\"><h3 class=\"profile-title\"><\/h3><p class=\"profile-sub\"><\/p><div class=\"socials-wrapper\">\n<div class=\"guten-element guten-social-icons guten-2qPUiZ circle horizontal custom\">\n<div class=\"guten-element guten-social-icon guten-S6EPe0 facebook\"><a id=\"guten-S6EPe0\" href=\"#\"><i class=\"gtn gtn-facebook-light\"><\/i><span><\/span><\/a><\/div>\n\n\n\n<div class=\"guten-element guten-social-icon guten-RiPLMC twitter\"><a id=\"guten-RiPLMC\" href=\"#\"><i class=\"fab fa-twitter\"><\/i><span><\/span><\/a><\/div>\n\n\n\n<div class=\"guten-element guten-social-icon guten-MYLNf7 instagram\"><a id=\"guten-MYLNf7\" href=\"#\"><i class=\"gtn gtn-instagram-1-light\"><\/i><span><\/span><\/a><\/div>\n<\/div>\n<\/div><\/div><\/div><\/div><\/div>\n\n\n\n<div class=\"section-wrapper\" data-id=\"pC2KZ3\"><section class=\"wp-block-gutenverse-section guten-element guten-section guten-pC2KZ3 animated guten-element-hide desktop-fadeInUp layout-boxed align-stretch\"><div class=\"guten-background-overlay\"><\/div><div class=\"guten-shape-divider guten-shape-divider-top\"><\/div><div class=\"guten-shape-divider guten-shape-divider-bottom\"><\/div><div class=\"guten-container guten-column-gap-no\">\n<div class=\"wp-block-gutenverse-column guten-element guten-column guten-G7GsIo\"><div class=\"guten-background-overlay\"><\/div><div class=\"sticky-wrapper\" data-id=\"G7GsIo\"><div class=\"guten-column-wrapper\">\n<div class=\"guten-element gutenverse-text-editor guten-Es7xfd\"><div class=\"text-content-inner\">\n<p>Blm. Uzm. Kadriye \u00c7ET\u0130N<\/p>\n<\/div><\/div>\n\n\n\n<div class=\"guten-element gutenverse-text-editor guten-ZclyTc\"><div class=\"text-content-inner\">\n<p>Substitute Member of Education Planning Board<\/p>\n\n\n\n<p><a href=\"https:\/\/emuder.com\/en\/blm-uzm-kadriye-cetin\/\" data-type=\"page\" data-id=\"194\">Curriculum Vitae<\/a><\/p>\n<\/div><\/div>\n<\/div><\/div><\/div>\n<\/div><\/section><\/div>\n<\/div><\/div><\/div>\n\n\n\n<div class=\"wp-block-gutenverse-column guten-element guten-column guten-rzgv6m\"><div class=\"guten-background-overlay\"><\/div><div class=\"sticky-wrapper\" data-id=\"rzgv6m\"><div class=\"guten-column-wrapper\"><\/div><\/div><\/div>\n<\/div><\/section><\/div>\n<\/div><\/div><\/div>\n<\/div><\/section><\/div>","protected":false},"excerpt":{"rendered":"","protected":false},"author":1,"featured_media":0,"parent":0,"menu_order":0,"comment_status":"closed","ping_status":"closed","template":"","meta":{"footnotes":""},"class_list":["post-60","page","type-page","status-publish","hentry"],"_links":{"self":[{"href":"https:\/\/emuder.com\/en\/wp-json\/wp\/v2\/pages\/60","targetHints":{"allow":["GET"]}}],"collection":[{"href":"https:\/\/emuder.com\/en\/wp-json\/wp\/v2\/pages"}],"about":[{"href":"https:\/\/emuder.com\/en\/wp-json\/wp\/v2\/types\/page"}],"author":[{"embeddable":true,"href":"https:\/\/emuder.com\/en\/wp-json\/wp\/v2\/users\/1"}],"replies":[{"embeddable":true,"href":"https:\/\/emuder.com\/en\/wp-json\/wp\/v2\/comments?post=60"}],"version-history":[{"count":3,"href":"https:\/\/emuder.com\/en\/wp-json\/wp\/v2\/pages\/60\/revisions"}],"predecessor-version":[{"id":588,"href":"https:\/\/emuder.com\/en\/wp-json\/wp\/v2\/pages\/60\/revisions\/588"}],"wp:attachment":[{"href":"https:\/\/emuder.com\/en\/wp-json\/wp\/v2\/media?parent=60"}],"curies":[{"name":"wp","href":"https:\/\/api.w.org\/{rel}","templated":true}]}}