{"id":62,"date":"2024-05-06T11:45:19","date_gmt":"2024-05-06T11:45:19","guid":{"rendered":"https:\/\/emuder.com\/?page_id=62"},"modified":"2025-01-25T19:04:29","modified_gmt":"2025-01-25T19:04:29","slug":"bilisim-kurulumuz","status":"publish","type":"page","link":"https:\/\/emuder.com\/en\/bilisim-kurulumuz\/","title":{"rendered":"Our IT Board"},"content":{"rendered":"<div class=\"section-wrapper\" data-id=\"jE5fRc\"><section class=\"wp-block-gutenverse-section guten-element guten-section guten-jE5fRc layout-boxed align-stretch\"><div class=\"guten-background-overlay\"><\/div><div class=\"guten-shape-divider guten-shape-divider-top\"><\/div><div class=\"guten-shape-divider guten-shape-divider-bottom\"><\/div><div class=\"guten-container guten-column-gap-no\">\n<div class=\"wp-block-gutenverse-column guten-element guten-column guten-LHoN8d\"><div class=\"guten-background-overlay\"><\/div><div class=\"sticky-wrapper\" data-id=\"LHoN8d\"><div class=\"guten-column-wrapper\">\n<div class=\"section-wrapper\" data-id=\"HhVHZV\"><section class=\"wp-block-gutenverse-section guten-element guten-section guten-HhVHZV layout-boxed align-stretch\"><div class=\"guten-background-overlay\"><\/div><div class=\"guten-shape-divider guten-shape-divider-top\"><\/div><div class=\"guten-shape-divider guten-shape-divider-bottom\"><\/div><div class=\"guten-container guten-column-gap-no\">\n<div class=\"wp-block-gutenverse-column guten-element guten-column guten-be5Fhi\"><div class=\"guten-background-overlay\"><\/div><div class=\"sticky-wrapper\" data-id=\"be5Fhi\"><div class=\"guten-column-wrapper\">\n<h5 class=\"wp-block-gutenverse-heading guten-element guten-qEaVEV animated guten-element-hide desktop-fadeInLeft\">Management<\/h5>\n\n\n\n<h2 class=\"wp-block-gutenverse-heading guten-element guten-OOeia0 animated guten-element-hide desktop-fadeInLeft\"><strong>1st Term IT Board Members<\/strong><\/h2>\n<\/div><\/div><\/div>\n<\/div><\/section><\/div>\n\n\n\n<div class=\"section-wrapper\" data-id=\"GzwQUE\"><section class=\"wp-block-gutenverse-section guten-element guten-section guten-GzwQUE layout-boxed align-stretch\"><div class=\"guten-background-overlay\"><\/div><div class=\"guten-shape-divider guten-shape-divider-top\"><\/div><div class=\"guten-shape-divider guten-shape-divider-bottom\"><\/div><div class=\"guten-container guten-column-gap-wider\">\n<div class=\"wp-block-gutenverse-column guten-element guten-column guten-3yLApx\"><div class=\"guten-background-overlay\"><\/div><div class=\"sticky-wrapper\" data-id=\"3yLApx\"><div class=\"guten-column-wrapper\">\n<div class=\"wp-block-gutenverse-team guten-element guten-team guten-ToRdzV animated guten-element-hide desktop-fadeInUp\"><div class=\"profile-box\"><div class=\"profile-card card-overlay default\"><img decoding=\"async\" src=\"https:\/\/emuder.com\/wp-content\/plugins\/gutenverse\/assets\/img\/img-placeholder.jpg\" alt=\"\"\/><div class=\"profile-body bottom\"><h3 class=\"profile-title\"><\/h3><p class=\"profile-sub\"><\/p><div class=\"socials-wrapper\">\n<div class=\"guten-element guten-social-icons guten-FMoiLJ circle horizontal custom\">\n<div class=\"guten-element guten-social-icon guten-WEc3ZU facebook\"><a id=\"guten-WEc3ZU\" href=\"#\"><i class=\"gtn gtn-facebook-light\"><\/i><span><\/span><\/a><\/div>\n\n\n\n<div class=\"guten-element guten-social-icon guten-ZBNlMM twitter\"><a id=\"guten-ZBNlMM\" href=\"#\"><i class=\"fab fa-twitter\"><\/i><span><\/span><\/a><\/div>\n\n\n\n<div class=\"guten-element guten-social-icon guten-xQyKc3 instagram\"><a id=\"guten-xQyKc3\" href=\"#\"><i class=\"gtn gtn-instagram-1-light\"><\/i><span><\/span><\/a><\/div>\n<\/div>\n<\/div><\/div><\/div><\/div><\/div>\n\n\n\n<div class=\"section-wrapper\" data-id=\"s8HqOx\"><section class=\"wp-block-gutenverse-section guten-element guten-section guten-s8HqOx animated guten-element-hide desktop-fadeInUp layout-boxed align-stretch\"><div class=\"guten-background-overlay\"><\/div><div class=\"guten-shape-divider guten-shape-divider-top\"><\/div><div class=\"guten-shape-divider guten-shape-divider-bottom\"><\/div><div class=\"guten-container guten-column-gap-no\">\n<div class=\"wp-block-gutenverse-column guten-element guten-column guten-dmpIi8\"><div class=\"guten-background-overlay\"><\/div><div class=\"sticky-wrapper\" data-id=\"dmpIi8\"><div class=\"guten-column-wrapper\">\n<div class=\"guten-element gutenverse-text-editor guten-b6tp7g\"><div class=\"text-content-inner\">\n<p>Do\u011fu Servan \u00d6ZDEM\u0130R<\/p>\n<\/div><\/div>\n\n\n\n<div class=\"guten-element gutenverse-text-editor guten-L5p8FB\"><div class=\"text-content-inner\">\n<p>IT Manager<\/p>\n<\/div><\/div>\n<\/div><\/div><\/div>\n<\/div><\/section><\/div>\n<\/div><\/div><\/div>\n\n\n\n<div class=\"wp-block-gutenverse-column guten-element guten-column guten-ceGo1Y\"><div class=\"guten-background-overlay\"><\/div><div class=\"sticky-wrapper\" data-id=\"ceGo1Y\"><div class=\"guten-column-wrapper\">\n<div class=\"wp-block-gutenverse-team guten-element guten-team guten-wX4gyK animated guten-element-hide desktop-fadeInUp\"><div class=\"profile-box\"><div class=\"profile-card card-overlay default\"><img decoding=\"async\" src=\"https:\/\/emuder.com\/wp-content\/plugins\/gutenverse\/assets\/img\/img-placeholder.jpg\" alt=\"\"\/><div class=\"profile-body bottom\"><h3 class=\"profile-title\"><\/h3><p class=\"profile-sub\"><\/p><div class=\"socials-wrapper\">\n<div class=\"guten-element guten-social-icons guten-D7Ldaz circle horizontal custom\">\n<div class=\"guten-element guten-social-icon guten-DovZxP facebook\"><a id=\"guten-DovZxP\" href=\"#\"><i class=\"gtn gtn-facebook-light\"><\/i><span><\/span><\/a><\/div>\n\n\n\n<div class=\"guten-element guten-social-icon guten-i0I8sg twitter\"><a id=\"guten-i0I8sg\" href=\"#\"><i class=\"fab fa-twitter\"><\/i><span><\/span><\/a><\/div>\n\n\n\n<div class=\"guten-element guten-social-icon guten-j6Gr9y instagram\"><a id=\"guten-j6Gr9y\" href=\"#\"><i class=\"gtn gtn-instagram-1-light\"><\/i><span><\/span><\/a><\/div>\n<\/div>\n<\/div><\/div><\/div><\/div><\/div>\n\n\n\n<div class=\"section-wrapper\" data-id=\"y5tZwx\"><section class=\"wp-block-gutenverse-section guten-element guten-section guten-y5tZwx animated guten-element-hide desktop-fadeInUp layout-boxed align-stretch\"><div class=\"guten-background-overlay\"><\/div><div class=\"guten-shape-divider guten-shape-divider-top\"><\/div><div class=\"guten-shape-divider guten-shape-divider-bottom\"><\/div><div class=\"guten-container guten-column-gap-no\">\n<div class=\"wp-block-gutenverse-column guten-element guten-column guten-nV46gH\"><div class=\"guten-background-overlay\"><\/div><div class=\"sticky-wrapper\" data-id=\"nV46gH\"><div class=\"guten-column-wrapper\">\n<div class=\"guten-element gutenverse-text-editor guten-teYd63\"><div class=\"text-content-inner\">\n<p>Dr. Berkay \u00c7EL\u0130K<\/p>\n<\/div><\/div>\n\n\n\n<div class=\"guten-element gutenverse-text-editor guten-sj8F1E\"><div class=\"text-content-inner\">\n<p>Member of IT Board<\/p>\n<\/div><\/div>\n<\/div><\/div><\/div>\n<\/div><\/section><\/div>\n<\/div><\/div><\/div>\n\n\n\n<div class=\"wp-block-gutenverse-column guten-element guten-column guten-TddqUl\"><div class=\"guten-background-overlay\"><\/div><div class=\"sticky-wrapper\" data-id=\"TddqUl\"><div class=\"guten-column-wrapper\">\n<div class=\"wp-block-gutenverse-team guten-element guten-team guten-TcGM19 animated guten-element-hide desktop-fadeIn\"><div class=\"profile-box\"><div class=\"profile-card card-overlay default\"><img decoding=\"async\" src=\"https:\/\/emuder.com\/wp-content\/plugins\/gutenverse\/assets\/img\/img-placeholder.jpg\" alt=\"\"\/><div class=\"profile-body bottom\"><h3 class=\"profile-title\"><\/h3><p class=\"profile-sub\"><\/p><div class=\"socials-wrapper\">\n<div class=\"guten-element guten-social-icons guten-DgKbK6 circle horizontal custom\">\n<div class=\"guten-element guten-social-icon guten-6EcT5g facebook\"><a id=\"guten-6EcT5g\" href=\"#\"><i class=\"gtn gtn-facebook-light\"><\/i><span><\/span><\/a><\/div>\n\n\n\n<div class=\"guten-element guten-social-icon guten-hRy1dk twitter\"><a id=\"guten-hRy1dk\" href=\"#\"><i class=\"fab fa-twitter\"><\/i><span><\/span><\/a><\/div>\n\n\n\n<div class=\"guten-element guten-social-icon guten-zDajDh instagram\"><a id=\"guten-zDajDh\" href=\"#\"><i class=\"gtn gtn-instagram-1-light\"><\/i><span><\/span><\/a><\/div>\n<\/div>\n<\/div><\/div><\/div><\/div><\/div>\n\n\n\n<div class=\"section-wrapper\" data-id=\"3tmMZS\"><section class=\"wp-block-gutenverse-section guten-element guten-section guten-3tmMZS animated guten-element-hide desktop-fadeInUp layout-boxed align-stretch\"><div class=\"guten-background-overlay\"><\/div><div class=\"guten-shape-divider guten-shape-divider-top\"><\/div><div class=\"guten-shape-divider guten-shape-divider-bottom\"><\/div><div class=\"guten-container guten-column-gap-no\">\n<div class=\"wp-block-gutenverse-column guten-element guten-column guten-DLWLl5\"><div class=\"guten-background-overlay\"><\/div><div class=\"sticky-wrapper\" data-id=\"DLWLl5\"><div class=\"guten-column-wrapper\">\n<div class=\"guten-element gutenverse-text-editor guten-7WFwhH\"><div class=\"text-content-inner\">\n<p>Selin KOCAER<\/p>\n<\/div><\/div>\n\n\n\n<div class=\"guten-element gutenverse-text-editor guten-XRqF0M\"><div class=\"text-content-inner\">\n<p>Member of IT Board<\/p>\n<\/div><\/div>\n<\/div><\/div><\/div>\n<\/div><\/section><\/div>\n<\/div><\/div><\/div>\n<\/div><\/section><\/div>\n\n\n\n<div class=\"section-wrapper\" data-id=\"MR2Wip\"><section class=\"wp-block-gutenverse-section guten-element guten-section guten-MR2Wip layout-boxed align-stretch\"><div class=\"guten-background-overlay\"><\/div><div class=\"guten-shape-divider guten-shape-divider-top\"><\/div><div class=\"guten-shape-divider guten-shape-divider-bottom\"><\/div><div class=\"guten-container guten-column-gap-wider\">\n<div class=\"wp-block-gutenverse-column guten-element guten-column guten-X6axlC\"><div class=\"guten-background-overlay\"><\/div><div class=\"sticky-wrapper\" data-id=\"X6axlC\"><div class=\"guten-column-wrapper\">\n<div class=\"wp-block-gutenverse-team guten-element guten-team guten-9nP9EE animated guten-element-hide desktop-fadeIn\"><div class=\"profile-box\"><div class=\"profile-card card-overlay default\"><img decoding=\"async\" src=\"https:\/\/emuder.com\/wp-content\/plugins\/gutenverse\/assets\/img\/img-placeholder.jpg\" alt=\"\"\/><div class=\"profile-body bottom\"><h3 class=\"profile-title\"><\/h3><p class=\"profile-sub\"><\/p><div class=\"socials-wrapper\">\n<div class=\"guten-element guten-social-icons guten-uepxxt circle horizontal custom\">\n<div class=\"guten-element guten-social-icon guten-hBxn6s facebook\"><a id=\"guten-hBxn6s\" href=\"#\"><i class=\"gtn gtn-facebook-light\"><\/i><span><\/span><\/a><\/div>\n\n\n\n<div class=\"guten-element guten-social-icon guten-nI70zz twitter\"><a id=\"guten-nI70zz\" href=\"#\"><i class=\"fab fa-twitter\"><\/i><span><\/span><\/a><\/div>\n\n\n\n<div class=\"guten-element guten-social-icon guten-koW1wJ instagram\"><a id=\"guten-koW1wJ\" href=\"#\"><i class=\"gtn gtn-instagram-1-light\"><\/i><span><\/span><\/a><\/div>\n<\/div>\n<\/div><\/div><\/div><\/div><\/div>\n\n\n\n<div class=\"section-wrapper\" data-id=\"zgBctM\"><section class=\"wp-block-gutenverse-section guten-element guten-section guten-zgBctM animated guten-element-hide desktop-fadeInUp layout-boxed align-stretch\"><div class=\"guten-background-overlay\"><\/div><div class=\"guten-shape-divider guten-shape-divider-top\"><\/div><div class=\"guten-shape-divider guten-shape-divider-bottom\"><\/div><div class=\"guten-container guten-column-gap-no\">\n<div class=\"wp-block-gutenverse-column guten-element guten-column guten-lkK2t6\"><div class=\"guten-background-overlay\"><\/div><div class=\"sticky-wrapper\" data-id=\"lkK2t6\"><div class=\"guten-column-wrapper\">\n<div class=\"guten-element gutenverse-text-editor guten-4TmEof\"><div class=\"text-content-inner\">\n<p>Ali AKG\u00dcN<\/p>\n<\/div><\/div>\n\n\n\n<div class=\"guten-element gutenverse-text-editor guten-LsjuT8\"><div class=\"text-content-inner\">\n<p>Member of IT Board<\/p>\n<\/div><\/div>\n<\/div><\/div><\/div>\n<\/div><\/section><\/div>\n<\/div><\/div><\/div>\n\n\n\n<div class=\"wp-block-gutenverse-column guten-element guten-column guten-enpoOt\"><div class=\"guten-background-overlay\"><\/div><div class=\"sticky-wrapper\" data-id=\"enpoOt\"><div class=\"guten-column-wrapper\">\n<div class=\"wp-block-gutenverse-team guten-element guten-team guten-UuxujR animated guten-element-hide desktop-fadeIn\"><div class=\"profile-box\"><div class=\"profile-card card-overlay default\"><img decoding=\"async\" src=\"https:\/\/emuder.com\/wp-content\/plugins\/gutenverse\/assets\/img\/img-placeholder.jpg\" alt=\"\"\/><div class=\"profile-body bottom\"><h3 class=\"profile-title\"><\/h3><p class=\"profile-sub\"><\/p><div class=\"socials-wrapper\">\n<div class=\"guten-element guten-social-icons guten-GciVid circle horizontal custom\">\n<div class=\"guten-element guten-social-icon guten-iOpANW facebook\"><a id=\"guten-iOpANW\" href=\"#\"><i class=\"gtn gtn-facebook-light\"><\/i><span><\/span><\/a><\/div>\n\n\n\n<div class=\"guten-element guten-social-icon guten-dClgkc twitter\"><a id=\"guten-dClgkc\" href=\"#\"><i class=\"fab fa-twitter\"><\/i><span><\/span><\/a><\/div>\n\n\n\n<div class=\"guten-element guten-social-icon guten-yX52RX instagram\"><a id=\"guten-yX52RX\" href=\"#\"><i class=\"gtn gtn-instagram-1-light\"><\/i><span><\/span><\/a><\/div>\n<\/div>\n<\/div><\/div><\/div><\/div><\/div>\n\n\n\n<div class=\"section-wrapper\" data-id=\"NC01jF\"><section class=\"wp-block-gutenverse-section guten-element guten-section guten-NC01jF animated guten-element-hide desktop-fadeInUp layout-boxed align-stretch\"><div class=\"guten-background-overlay\"><\/div><div class=\"guten-shape-divider guten-shape-divider-top\"><\/div><div class=\"guten-shape-divider guten-shape-divider-bottom\"><\/div><div class=\"guten-container guten-column-gap-no\">\n<div class=\"wp-block-gutenverse-column guten-element guten-column guten-iYzOy6\"><div class=\"guten-background-overlay\"><\/div><div class=\"sticky-wrapper\" data-id=\"iYzOy6\"><div class=\"guten-column-wrapper\"><\/div><\/div><\/div>\n<\/div><\/section><\/div>\n<\/div><\/div><\/div>\n\n\n\n<div class=\"wp-block-gutenverse-column guten-element guten-column guten-MuiApn\"><div class=\"guten-background-overlay\"><\/div><div class=\"sticky-wrapper\" data-id=\"MuiApn\"><div class=\"guten-column-wrapper\"><\/div><\/div><\/div>\n<\/div><\/section><\/div>\n<\/div><\/div><\/div>\n<\/div><\/section><\/div>","protected":false},"excerpt":{"rendered":"","protected":false},"author":1,"featured_media":0,"parent":0,"menu_order":0,"comment_status":"closed","ping_status":"closed","template":"","meta":{"footnotes":""},"class_list":["post-62","page","type-page","status-publish","hentry"],"_links":{"self":[{"href":"https:\/\/emuder.com\/en\/wp-json\/wp\/v2\/pages\/62","targetHints":{"allow":["GET"]}}],"collection":[{"href":"https:\/\/emuder.com\/en\/wp-json\/wp\/v2\/pages"}],"about":[{"href":"https:\/\/emuder.com\/en\/wp-json\/wp\/v2\/types\/page"}],"author":[{"embeddable":true,"href":"https:\/\/emuder.com\/en\/wp-json\/wp\/v2\/users\/1"}],"replies":[{"embeddable":true,"href":"https:\/\/emuder.com\/en\/wp-json\/wp\/v2\/comments?post=62"}],"version-history":[{"count":6,"href":"https:\/\/emuder.com\/en\/wp-json\/wp\/v2\/pages\/62\/revisions"}],"predecessor-version":[{"id":601,"href":"https:\/\/emuder.com\/en\/wp-json\/wp\/v2\/pages\/62\/revisions\/601"}],"wp:attachment":[{"href":"https:\/\/emuder.com\/en\/wp-json\/wp\/v2\/media?parent=62"}],"curies":[{"name":"wp","href":"https:\/\/api.w.org\/{rel}","templated":true}]}}