{"id":82,"date":"2024-05-06T15:47:17","date_gmt":"2024-05-06T15:47:17","guid":{"rendered":"https:\/\/emuder.com\/?page_id=82"},"modified":"2024-05-06T15:47:17","modified_gmt":"2024-05-06T15:47:17","slug":"dr-davut-elmaci","status":"publish","type":"page","link":"https:\/\/emuder.com\/en\/dr-davut-elmaci\/","title":{"rendered":"Dr. Davut ELMACI"},"content":{"rendered":"<div class=\"section-wrapper\" data-id=\"Egpgxw\"><section class=\"wp-block-gutenverse-section guten-element guten-section guten-Egpgxw layout-boxed align-stretch\"><div class=\"guten-background-overlay\"><\/div><div class=\"guten-shape-divider guten-shape-divider-top\"><\/div><div class=\"guten-shape-divider guten-shape-divider-bottom\"><\/div><div class=\"guten-container guten-column-gap-default\">\n<div class=\"wp-block-gutenverse-column guten-element guten-column guten-1kIvXX\"><div class=\"guten-background-overlay\"><\/div><div class=\"sticky-wrapper\" data-id=\"1kIvXX\"><div class=\"guten-column-wrapper\">\n<div class=\"wp-block-gutenverse-image guten-element guten-image guten-HDgFum animated guten-element-hide desktop-fadeInLeft\"><a class=\"guten-image-wrapper\"><img loading=\"lazy\" decoding=\"async\" class=\"gutenverse-image-box-filled\" src=\"https:\/\/emuder.com\/wp-content\/themes\/accountra\/assets\/img\/american-beard-business-business-people-businessman-caucasian-1454767-pxhere.com.webp\" height=\"1920\" width=\"1449\"\/><\/a><\/div>\n<\/div><\/div><\/div>\n\n\n\n<div class=\"wp-block-gutenverse-column guten-element guten-column guten-ulD758 hide-mobile\"><div class=\"guten-background-overlay\"><\/div><div class=\"sticky-wrapper\" data-id=\"ulD758\"><div class=\"guten-column-wrapper\">\n<div class=\"guten-element gutenverse-text-editor guten-xRCYmM animated guten-element-hide desktop-fadeInLeft\"><div class=\"text-content-inner\">\n<p>\u0130lk ve orta \u00f6\u011frenimini Amasya\u2019da tamamlad\u0131. Dokuz Eyl\u00fcl \u00dcniversitesi Buca E\u011fitim Fak\u00fcltesi Biyoloji \u00d6\u011fretmenli\u011fi Program\u0131ndan 2004 y\u0131l\u0131nda mezun oldu. Ankara \u00dcniversitesi E\u011fitim Bilimleri Enstit\u00fcs\u00fcnde e\u011fitim y\u00f6netimi alan\u0131nda y\u00fcksek lisans\u0131n\u0131 2007 y\u0131l\u0131nda, doktoras\u0131n\u0131 2016 y\u0131l\u0131nda tamamlad\u0131. 2005-2017 y\u0131llar\u0131 aras\u0131nda Sosyal Hizmetler \u00c7ocuk Esirgeme Kurumu ve Aile ve Sosyal Politikalar Bakanl\u0131\u011f\u0131na ba\u011fl\u0131 \u00e7e\u015fitli birimlerde \u00f6\u011fretmen olarak g\u00f6rev yapt\u0131. 2017 y\u0131l\u0131ndan itibaren Amasya \u00dcniversitesi E\u011fitim Fak\u00fcltesi\u2019nde Doktor \u00d6\u011fretim \u00dcyesi olarak g\u00f6rev yapmaktad\u0131r. 2021-2022 akademik y\u0131l\u0131 itibariyle TUB\u0130TAK 2219 bursiyeri olarak doktora sonras\u0131 ara\u015ft\u0131rma yapmak \u00fczere \u0130ngiltere Oxford \u00dcniversitesi E\u011fitim Fak\u00fcltesi\u2019ne g\u00f6revlendirilmi\u015ftir. Lisans d\u00fczeyinde E\u011fitime Giri\u015f, T\u00fcrk E\u011fitim Sistemi ve Okul Y\u00f6netimi, E\u011fitim Hukuku, Aile E\u011fitimi ve Kat\u0131l\u0131m\u0131; lisans\u00fcst\u00fc d\u00fczeyde \u00c7ocuk Haklar\u0131 ve E\u011fitim Sisteminde \u00c7ocu\u011fun Korunmas\u0131, E\u011fitim Politikalar\u0131 gibi dersleri vermektedir.<\/p>\n<\/div><\/div>\n<\/div><\/div><\/div>\n<\/div><\/section><\/div>","protected":false},"excerpt":{"rendered":"","protected":false},"author":1,"featured_media":0,"parent":0,"menu_order":0,"comment_status":"closed","ping_status":"closed","template":"","meta":{"footnotes":""},"class_list":["post-82","page","type-page","status-publish","hentry"],"_links":{"self":[{"href":"https:\/\/emuder.com\/en\/wp-json\/wp\/v2\/pages\/82","targetHints":{"allow":["GET"]}}],"collection":[{"href":"https:\/\/emuder.com\/en\/wp-json\/wp\/v2\/pages"}],"about":[{"href":"https:\/\/emuder.com\/en\/wp-json\/wp\/v2\/types\/page"}],"author":[{"embeddable":true,"href":"https:\/\/emuder.com\/en\/wp-json\/wp\/v2\/users\/1"}],"replies":[{"embeddable":true,"href":"https:\/\/emuder.com\/en\/wp-json\/wp\/v2\/comments?post=82"}],"version-history":[{"count":1,"href":"https:\/\/emuder.com\/en\/wp-json\/wp\/v2\/pages\/82\/revisions"}],"predecessor-version":[{"id":195,"href":"https:\/\/emuder.com\/en\/wp-json\/wp\/v2\/pages\/82\/revisions\/195"}],"wp:attachment":[{"href":"https:\/\/emuder.com\/en\/wp-json\/wp\/v2\/media?parent=82"}],"curies":[{"name":"wp","href":"https:\/\/api.w.org\/{rel}","templated":true}]}}