{"id":84,"date":"2024-05-06T12:06:38","date_gmt":"2024-05-06T12:06:38","guid":{"rendered":"https:\/\/emuder.com\/?page_id=84"},"modified":"2024-05-06T15:50:04","modified_gmt":"2024-05-06T15:50:04","slug":"blm-uzm-naciye-calisici-celik","status":"publish","type":"page","link":"https:\/\/emuder.com\/en\/blm-uzm-naciye-calisici-celik\/","title":{"rendered":"Blm. Uzm. Naciye \u00c7ALI\u015eICI \u00c7EL\u0130K"},"content":{"rendered":"<div class=\"section-wrapper\" data-id=\"Egpgxw\"><section class=\"wp-block-gutenverse-section guten-element guten-section guten-Egpgxw layout-boxed align-stretch\"><div class=\"guten-background-overlay\"><\/div><div class=\"guten-shape-divider guten-shape-divider-top\"><\/div><div class=\"guten-shape-divider guten-shape-divider-bottom\"><\/div><div class=\"guten-container guten-column-gap-default\">\n<div class=\"wp-block-gutenverse-column guten-element guten-column guten-1kIvXX\"><div class=\"guten-background-overlay\"><\/div><div class=\"sticky-wrapper\" data-id=\"1kIvXX\"><div class=\"guten-column-wrapper\">\n<div class=\"wp-block-gutenverse-image guten-element guten-image guten-HDgFum animated guten-element-hide desktop-fadeInLeft\"><a class=\"guten-image-wrapper\"><img loading=\"lazy\" decoding=\"async\" class=\"gutenverse-image-box-filled\" src=\"https:\/\/emuder.com\/wp-content\/themes\/accountra\/assets\/img\/american-beard-business-business-people-businessman-caucasian-1454767-pxhere.com.webp\" height=\"1920\" width=\"1449\"\/><\/a><\/div>\n<\/div><\/div><\/div>\n\n\n\n<div class=\"wp-block-gutenverse-column guten-element guten-column guten-ulD758 hide-mobile\"><div class=\"guten-background-overlay\"><\/div><div class=\"sticky-wrapper\" data-id=\"ulD758\"><div class=\"guten-column-wrapper\">\n<div class=\"guten-element gutenverse-text-editor guten-xRCYmM animated guten-element-hide desktop-fadeInLeft\"><div class=\"text-content-inner\">\n<p>Bilim Uzman\u0131 Naciye \u00c7ALI\u015eICI \u00c7EL\u0130K, 2007 y\u0131l\u0131nda Anadolu \u00dcniversitesi-Sa\u011fl\u0131k Kurumlar\u0131 \u0130\u015fletmecili\u011fi program\u0131ndan, 2009 y\u0131l\u0131nda Anadolu \u00dcniversitesi-\u0130\u015fletme B\u00f6l\u00fcm\u00fcnden mezun oldu. 2017 y\u0131l\u0131nda Adnan Menderes \u00dcniversitesi E\u011fitim Fak\u00fcltesi S\u0131n\u0131f \u00d6\u011fretmenli\u011fi program\u0131ndan b\u00f6l\u00fcm birincisi olarak, ikinci lisans e\u011fitimini tamamlad\u0131. 2018 y\u0131l\u0131nda Ayd\u0131n Adnan Menderes \u00dcniversitesi Sosyal Bilimler Enstit\u00fcs\u00fc E\u011fitim Y\u00f6netimi, Tefti\u015fi, Planlamas\u0131 ve Ekonomisi Tezsiz y\u00fcksek lisans program\u0131ndan \u201c\u00d6\u011fretmenlik Mesle\u011fine Sayg\u0131ya \u0130li\u015fkin Y\u00f6netici ve \u00d6\u011fretmen G\u00f6r\u00fc\u015fleri\u201d adl\u0131 y\u00fcksek lisans projesi ile mezun oldu. 2020 y\u0131l\u0131nda, \u201c\u00d6\u011fretmenlerin ve Okul Y\u00f6neticilerinin Alg\u0131lar\u0131na G\u00f6re \u00d6\u011fretmenlerin E\u011fitim \u00d6rg\u00fctlerinde Bencillik D\u00fczeyi\u201d adl\u0131 y\u00fcksek lisans tezi ile Ayd\u0131n Adnan Menderes \u00dcniversitesi E\u011fitim Y\u00f6netimi Tezli y\u00fcksek lisans program\u0131ndaki e\u011fitimini ba\u015far\u0131 ile tamamlad\u0131. 2009 y\u0131l\u0131ndan bu yana Ayd\u0131n Adnan Menderes \u00dcniversitesi Fen Bilimleri Enstit\u00fcs\u00fc\u2019nde idari personel olarak ve belirli aral\u0131klarla Enstit\u00fc Sekreterli\u011fi\u2019ne vek\u00e2let ederek Enstit\u00fc idari y\u00f6netiminde tecr\u00fcbe kazand\u0131. \u015eef olarak enstit\u00fc y\u00f6netiminde idari g\u00f6revine devam etmektedir. Hayat felsefesi ve hedefleri aras\u0131nda; farkl\u0131 stat\u00fclerde \u00fcstlendi\u011fi g\u00f6revlerde hissetti\u011fi sorumluluk bilinci ile insanlara, topluma, vatana ve millete en iyi \u015fekilde faydal\u0131 olabilme, ki\u015fisel geli\u015fimde ve insanlar aras\u0131 ileti\u015fimde hep bir ad\u0131m daha iyiye gitmek yer almaktad\u0131r.<\/p>\n<\/div><\/div>\n<\/div><\/div><\/div>\n<\/div><\/section><\/div>","protected":false},"excerpt":{"rendered":"","protected":false},"author":1,"featured_media":0,"parent":0,"menu_order":0,"comment_status":"closed","ping_status":"closed","template":"","meta":{"footnotes":""},"class_list":["post-84","page","type-page","status-publish","hentry"],"_links":{"self":[{"href":"https:\/\/emuder.com\/en\/wp-json\/wp\/v2\/pages\/84","targetHints":{"allow":["GET"]}}],"collection":[{"href":"https:\/\/emuder.com\/en\/wp-json\/wp\/v2\/pages"}],"about":[{"href":"https:\/\/emuder.com\/en\/wp-json\/wp\/v2\/types\/page"}],"author":[{"embeddable":true,"href":"https:\/\/emuder.com\/en\/wp-json\/wp\/v2\/users\/1"}],"replies":[{"embeddable":true,"href":"https:\/\/emuder.com\/en\/wp-json\/wp\/v2\/comments?post=84"}],"version-history":[{"count":3,"href":"https:\/\/emuder.com\/en\/wp-json\/wp\/v2\/pages\/84\/revisions"}],"predecessor-version":[{"id":203,"href":"https:\/\/emuder.com\/en\/wp-json\/wp\/v2\/pages\/84\/revisions\/203"}],"wp:attachment":[{"href":"https:\/\/emuder.com\/en\/wp-json\/wp\/v2\/media?parent=84"}],"curies":[{"name":"wp","href":"https:\/\/api.w.org\/{rel}","templated":true}]}}