{"id":87,"date":"2024-05-06T12:08:32","date_gmt":"2024-05-06T12:08:32","guid":{"rendered":"https:\/\/emuder.com\/?page_id=87"},"modified":"2024-05-06T12:08:33","modified_gmt":"2024-05-06T12:08:33","slug":"ogr-dilek-keser","status":"publish","type":"page","link":"https:\/\/emuder.com\/en\/ogr-dilek-keser\/","title":{"rendered":"\u00d6\u011fr. Dilek KESER"},"content":{"rendered":"<div class=\"section-wrapper\" data-id=\"Egpgxw\"><section class=\"wp-block-gutenverse-section guten-element guten-section guten-Egpgxw layout-boxed align-stretch\"><div class=\"guten-background-overlay\"><\/div><div class=\"guten-shape-divider guten-shape-divider-top\"><\/div><div class=\"guten-shape-divider guten-shape-divider-bottom\"><\/div><div class=\"guten-container guten-column-gap-default\">\n<div class=\"wp-block-gutenverse-column guten-element guten-column guten-1kIvXX\"><div class=\"guten-background-overlay\"><\/div><div class=\"sticky-wrapper\" data-id=\"1kIvXX\"><div class=\"guten-column-wrapper\">\n<div class=\"wp-block-gutenverse-image guten-element guten-image guten-HDgFum animated guten-element-hide desktop-fadeInLeft\"><a class=\"guten-image-wrapper\"><img loading=\"lazy\" decoding=\"async\" class=\"gutenverse-image-box-filled\" src=\"https:\/\/emuder.com\/wp-content\/themes\/accountra\/assets\/img\/american-beard-business-business-people-businessman-caucasian-1454767-pxhere.com.webp\" height=\"1920\" width=\"1449\"\/><\/a><\/div>\n<\/div><\/div><\/div>\n\n\n\n<div class=\"wp-block-gutenverse-column guten-element guten-column guten-ulD758 hide-mobile\"><div class=\"guten-background-overlay\"><\/div><div class=\"sticky-wrapper\" data-id=\"ulD758\"><div class=\"guten-column-wrapper\">\n<div class=\"guten-element gutenverse-text-editor guten-xRCYmM animated guten-element-hide desktop-fadeInLeft\"><div class=\"text-content-inner\">\n<p>Dilek KESER, 1979 y\u0131l\u0131nda Dokuz Eyl\u00fcl \u00dcniversitesi, E\u011fitim Fak\u00fcltesi, \u0130ngiliz Dili E\u011fitimi B\u00f6l\u00fcm\u00fc\u2019nden 2000 y\u0131l\u0131nda mezun oldu. Halen Dokuz Eyl\u00fcl \u00dcniversitesi E\u011fitim Bilimleri Enstit\u00fcs\u00fc E\u011fitim Y\u00f6netimi B\u00f6l\u00fcm\u00fc\u2019nde y\u00fcksek lisans e\u011fitimine devam etmektedir. \u00d6rg\u00fctsel ba\u011fl\u0131l\u0131k ve liderlik t\u00fcrleri konusunda \u00e7al\u0131\u015fmaktad\u0131r. Dilek Keser, 19 y\u0131ll\u0131k \u00e7al\u0131\u015fma s\u00fcresini farkl\u0131 kamu kurumlar\u0131nda tamamlam\u0131\u015ft\u0131r. Halen \u0130zmir \u0130l Milli E\u011fitim M\u00fcd\u00fcrl\u00fc\u011f\u00fc AR-GE Birimi\u2019nde ERASMUS projeleri y\u00fcr\u00fct\u00fcc\u00fcs\u00fc olarak g\u00f6revine devam etmektedir. Ba\u011fl\u0131 kurum ve kurulu\u015flara dan\u0131\u015fmanl\u0131k yapmakta ve gen\u00e7lerin yurtd\u0131\u015f\u0131 f\u0131rsatlar\u0131ndan yararlanmalar\u0131 alan\u0131nda \u00e7al\u0131\u015fmalar\u0131n\u0131 s\u00fcrd\u00fcrmektedir. Yurtd\u0131\u015f\u0131 gen\u00e7lik \u00e7al\u0131\u015fmalar\u0131na devam etmektedir.<\/p>\n<\/div><\/div>\n<\/div><\/div><\/div>\n<\/div><\/section><\/div>","protected":false},"excerpt":{"rendered":"","protected":false},"author":1,"featured_media":0,"parent":0,"menu_order":0,"comment_status":"closed","ping_status":"closed","template":"","meta":{"footnotes":""},"class_list":["post-87","page","type-page","status-publish","hentry"],"_links":{"self":[{"href":"https:\/\/emuder.com\/en\/wp-json\/wp\/v2\/pages\/87","targetHints":{"allow":["GET"]}}],"collection":[{"href":"https:\/\/emuder.com\/en\/wp-json\/wp\/v2\/pages"}],"about":[{"href":"https:\/\/emuder.com\/en\/wp-json\/wp\/v2\/types\/page"}],"author":[{"embeddable":true,"href":"https:\/\/emuder.com\/en\/wp-json\/wp\/v2\/users\/1"}],"replies":[{"embeddable":true,"href":"https:\/\/emuder.com\/en\/wp-json\/wp\/v2\/comments?post=87"}],"version-history":[{"count":1,"href":"https:\/\/emuder.com\/en\/wp-json\/wp\/v2\/pages\/87\/revisions"}],"predecessor-version":[{"id":95,"href":"https:\/\/emuder.com\/en\/wp-json\/wp\/v2\/pages\/87\/revisions\/95"}],"wp:attachment":[{"href":"https:\/\/emuder.com\/en\/wp-json\/wp\/v2\/media?parent=87"}],"curies":[{"name":"wp","href":"https:\/\/api.w.org\/{rel}","templated":true}]}}