{"id":89,"date":"2024-05-06T12:09:08","date_gmt":"2024-05-06T12:09:08","guid":{"rendered":"https:\/\/emuder.com\/?page_id=89"},"modified":"2024-05-06T12:09:08","modified_gmt":"2024-05-06T12:09:08","slug":"dr-bilgen-kiral","status":"publish","type":"page","link":"https:\/\/emuder.com\/en\/dr-bilgen-kiral\/","title":{"rendered":"Dr. Bilgen KIRAL"},"content":{"rendered":"<div class=\"section-wrapper\" data-id=\"Egpgxw\"><section class=\"wp-block-gutenverse-section guten-element guten-section guten-Egpgxw layout-boxed align-stretch\"><div class=\"guten-background-overlay\"><\/div><div class=\"guten-shape-divider guten-shape-divider-top\"><\/div><div class=\"guten-shape-divider guten-shape-divider-bottom\"><\/div><div class=\"guten-container guten-column-gap-default\">\n<div class=\"wp-block-gutenverse-column guten-element guten-column guten-1kIvXX\"><div class=\"guten-background-overlay\"><\/div><div class=\"sticky-wrapper\" data-id=\"1kIvXX\"><div class=\"guten-column-wrapper\">\n<div class=\"wp-block-gutenverse-image guten-element guten-image guten-HDgFum animated guten-element-hide desktop-fadeInLeft\"><a class=\"guten-image-wrapper\"><img loading=\"lazy\" decoding=\"async\" class=\"gutenverse-image-box-filled\" src=\"https:\/\/emuder.com\/wp-content\/themes\/accountra\/assets\/img\/american-beard-business-business-people-businessman-caucasian-1454767-pxhere.com.webp\" height=\"1920\" width=\"1449\"\/><\/a><\/div>\n<\/div><\/div><\/div>\n\n\n\n<div class=\"wp-block-gutenverse-column guten-element guten-column guten-ulD758 hide-mobile\"><div class=\"guten-background-overlay\"><\/div><div class=\"sticky-wrapper\" data-id=\"ulD758\"><div class=\"guten-column-wrapper\">\n<div class=\"guten-element gutenverse-text-editor guten-xRCYmM animated guten-element-hide desktop-fadeInLeft\"><div class=\"text-content-inner\">\n<p>Merzifonlu olan Dr. KIRAL, 2001 y\u0131l\u0131nda 19 May\u0131s \u00dcniversitesi Amasya E\u011fitim Fak\u00fcltesi S\u0131n\u0131f \u00d6\u011fretmenli\u011fi lisans program\u0131n\u0131, 2008 y\u0131l\u0131nda K\u0131r\u0131kkale \u00dcniversitesi E\u011fitim Y\u00f6netimi ve Denetimi y\u00fcksek lisans program\u0131n\u0131, 2015 y\u0131l\u0131nda Ankara \u00dcniversitesi E\u011fitim Y\u00f6netimi ve Tefti\u015fi doktora program\u0131n\u0131 tamamlam\u0131\u015ft\u0131r. Milli E\u011fitim Bakanl\u0131\u011f\u0131na ba\u011fl\u0131 okullarda 2001-2016 y\u0131llar\u0131 aras\u0131nda \u00f6\u011fretmen ve okuly\u00f6neticisi olarak g\u00f6rev yapm\u0131\u015f, 2016 y\u0131l\u0131nda Ayd\u0131n Adnan Menderes \u00dcniversitesi E\u011fitim Fak\u00fcltesi E\u011fitim Y\u00f6netimi B\u00f6l\u00fcm\u00fcne Yard. Do\u00e7. Dr. olarak atanm\u0131\u015f; 2019 y\u0131l\u0131nda Do\u00e7. Dr. Unvan\u0131n\u0131 alm\u0131\u015ft\u0131r. Dr. KIRAL, 2019 y\u0131l\u0131nda 5 ay misafir \u00f6\u011fretim \u00fcyesi olarak; 2020-2021 akademik y\u0131l\u0131nda T\u00dcB\u0130TAK 2219 bursiyeri olarak post-doktora yapmak \u00fczere Amerika Birle\u015fik Devletleri Ohio Eyaleti Dayton \u00dcniversitesi E\u011fitim ve Sa\u011fl\u0131k Bilimleri Fak\u00fcltesi E\u011fitim Y\u00f6netimi b\u00f6l\u00fcm\u00fcne g\u00f6revlendirilmi\u015ftir. Dr. KIRAL, lisans d\u00fczeyinde E\u011fitim Bilimine Giri\u015f, S\u0131n\u0131f Y\u00f6netimi, E\u011fitim Y\u00f6netimi, T\u00fcrk E\u011fitim Sistemi ve Okul Y\u00f6netimi dersleri, lisans\u00fcst\u00fc d\u00fczeyde E\u011fitim Y\u00f6netiminde G\u00fc\u00e7lendirme, Kar\u015f\u0131la\u015ft\u0131rmal\u0131 E\u011fitim, \u00c7ocuk Haklar\u0131, \u0130nsan Haklar\u0131 gibi dersleri vermektedir.<\/p>\n<\/div><\/div>\n<\/div><\/div><\/div>\n<\/div><\/section><\/div>","protected":false},"excerpt":{"rendered":"","protected":false},"author":1,"featured_media":0,"parent":0,"menu_order":0,"comment_status":"closed","ping_status":"closed","template":"","meta":{"footnotes":""},"class_list":["post-89","page","type-page","status-publish","hentry"],"_links":{"self":[{"href":"https:\/\/emuder.com\/en\/wp-json\/wp\/v2\/pages\/89","targetHints":{"allow":["GET"]}}],"collection":[{"href":"https:\/\/emuder.com\/en\/wp-json\/wp\/v2\/pages"}],"about":[{"href":"https:\/\/emuder.com\/en\/wp-json\/wp\/v2\/types\/page"}],"author":[{"embeddable":true,"href":"https:\/\/emuder.com\/en\/wp-json\/wp\/v2\/users\/1"}],"replies":[{"embeddable":true,"href":"https:\/\/emuder.com\/en\/wp-json\/wp\/v2\/comments?post=89"}],"version-history":[{"count":1,"href":"https:\/\/emuder.com\/en\/wp-json\/wp\/v2\/pages\/89\/revisions"}],"predecessor-version":[{"id":97,"href":"https:\/\/emuder.com\/en\/wp-json\/wp\/v2\/pages\/89\/revisions\/97"}],"wp:attachment":[{"href":"https:\/\/emuder.com\/en\/wp-json\/wp\/v2\/media?parent=89"}],"curies":[{"name":"wp","href":"https:\/\/api.w.org\/{rel}","templated":true}]}}